{"id":138,"date":"2015-11-03T17:48:01","date_gmt":"2015-11-03T17:48:01","guid":{"rendered":"https:\/\/berlin-reklame.de\/?page_id=138"},"modified":"2025-07-31T15:44:45","modified_gmt":"2025-07-31T15:44:45","slug":"agb","status":"publish","type":"page","link":"https:\/\/berlin-reklame.de\/es\/agb\/","title":{"rendered":"T\u00e9rminos y Condiciones"},"content":{"rendered":"<div id=\"pl-138\"  class=\"panel-layout\" ><div id=\"pg-138-0\"  class=\"panel-grid panel-no-style\" ><div id=\"pgc-138-0-0\"  class=\"panel-grid-cell\" ><div id=\"panel-138-0-0-0\" class=\"so-panel widget widget_sow-editor panel-first-child panel-last-child\" data-index=\"0\" ><div class=\"panel-widget-style panel-widget-style-for-138-0-0-0\" ><div\n\t\t\t\n\t\t\tclass=\"so-widget-sow-editor so-widget-sow-editor-base\"\n\t\t\t\n\t\t>\n<div class=\"siteorigin-widget-tinymce textwidget\">\n\t<p><strong>Allgemeine Gesch\u00e4ftsbedingungen<\/strong><\/p>\n<h2>1.\u00a0Geltungsbereich<\/h2>\n<p>F\u00fcr alle Bestellungen \u00fcber unseren Online-Shop durch Verbraucher und Unternehmer gelten die nachfolgenden AGB.<\/p>\n<p>Verbraucher ist jede nat\u00fcrliche Person, die ein Rechtsgesch\u00e4ft zu Zwecken abschlie\u00dft, die \u00fcberwiegend weder ihrer gewerblichen noch ihrer selbst\u00e4ndigen beruflichen T\u00e4tigkeit zugerechnet werden k\u00f6nnen. Unternehmer ist eine nat\u00fcrliche oder juristische Person oder eine rechtsf\u00e4hige Personengesellschaft, die bei Abschluss eines Rechtsgesch\u00e4fts in Aus\u00fcbung ihrer gewerblichen oder selbst\u00e4ndigen beruflichen T\u00e4tigkeit handelt.<\/p>\n<p>Gegen\u00fcber Unternehmern gilt: Verwendet der Unternehmer entgegenstehende oder erg\u00e4nzende Allgemeine Gesch\u00e4ftsbedingungen, wird deren Geltung hiermit widersprochen; sie werden nur dann Vertragsbestandteil, wenn wir dem ausdr\u00fccklich zugestimmt haben.<\/p>\n<h2>2.\u00a0Vertragspartner, Vertragsschluss, Korrekturm\u00f6glichkeiten<\/h2>\n<p>Der Kaufvertrag kommt zustande mit Berlin Reklame.<\/p>\n<p>Mit Einstellung der Produkte in den Online-Shop geben wir ein verbindliches Angebot zum Vertragsschluss \u00fcber diese Artikel ab. Sie k\u00f6nnen unsere Produkte zun\u00e4chst unverbindlich in den Warenkorb legen und Ihre Eingaben vor Absenden Ihrer verbindlichen Bestellung jederzeit korrigieren, indem Sie die hierf\u00fcr im Bestellablauf vorgesehenen und erl\u00e4uterten Korrekturhilfen nutzen. Der Vertrag kommt zustande, indem Sie durch Anklicken des Bestellbuttons das Angebot \u00fcber die im Warenkorb enthaltenen Waren annehmen. Unmittelbar nach dem Absenden der Bestellung erhalten Sie noch einmal eine Best\u00e4tigung per E-Mail.<\/p>\n<h2>3.\u00a0Vertragssprache, Vertragstextspeicherung<\/h2>\n<p>Die f\u00fcr den Vertragsschluss zur Verf\u00fcgung stehende(n) Sprache(n): Deutsch<\/p>\n<p>Wir speichern den Vertragstext und senden Ihnen die Bestelldaten und unsere AGB in Textform zu. Der Vertragstext ist aus Sicherheitsgr\u00fcnden nicht mehr \u00fcber das Internet zug\u00e4nglich.<\/p>\n<h2>4.\u00a0Lieferbedingungen<\/h2>\n<p>Wir liefern \u00fcber die Online-Shop versandkostenfrei.<\/p>\n<p>Sie haben grunds\u00e4tzlich die M\u00f6glichkeit der Abholung bei Berlin reklame, Berliner Alee 200, 13088 Berlin, Deutschland zu den nachfolgend angegebenen Gesch\u00e4ftszeiten: 10-17 Uhr<\/p>\n<p>Wir liefern nicht an Packstationen.<\/p>\n<h2>5.\u00a0Bezahlung<\/h2>\n<p>In unserem Shop stehen Ihnen grunds\u00e4tzlich die folgenden Zahlungsarten zur Verf\u00fcgung:<\/p>\n<p><strong>Vorkasse<\/strong><br \/>\nBei Auswahl der Zahlungsart Vorkasse nennen wir Ihnen unsere Bankverbindung in separater E-Mail und liefern die Ware nach Zahlungseingang.<\/p>\n<p><strong>PayPal<\/strong><br \/>\nIn Zusammenarbeit mit dem Zahlungsdienstleister PayPal (Europe) S.\u00e0 r.l. et Cie, S.C.A, 22-24 Boulevard Royal, L-2449 Luxembourg (\u201ePayPal\u201c) bieten wir Ihnen die nachfolgenden Zahlungsoptionen als PayPal Services an. Sofern nachfolgend nichts anderes geregelt ist, setzt die Zahlung \u00fcber PayPal Plus keine Registrierung bei PayPal voraus. Weitere Hinweise erhalten Sie bei der jeweiligen Zahlungsoption und im Bestellvorgang.<\/p>\n<p style=\"margin-left: 40px;\"><strong>PayPal, PayPal Express<\/strong><br \/>\nUm den Rechnungsbetrag \u00fcber die Zahlungsoption PayPal bezahlen zu k\u00f6nnen, m\u00fcssen Sie bei PayPal registriert sein, sich mit Ihren Zugangsdaten legitimieren und die Zahlungsanweisung best\u00e4tigen.<br \/>\nDie Zahlungstransaktion wird durch PayPal unmittelbar nach Abgabe der Bestellung durchgef\u00fchrt.<\/p>\n<p style=\"margin-left: 40px;\">PayPal kann registrierten und nach eigenen Kriterien ausgew\u00e4hlten PayPal-Kunden weitere Zahlungsmodalit\u00e4ten im Kundenkonto anbieten. Auf das Anbieten dieser Modalit\u00e4ten haben wir allerdings keinen Einfluss; weitere individuell angebotene Zahlungsmodalit\u00e4ten betreffen Ihr Rechtsverh\u00e4ltnis mit PayPal. Weitere Informationen hierzu finden Sie in Ihrem PayPal-Konto.<\/p>\n<p style=\"margin-left: 40px;\"><strong>Kreditkarte \u00fcber PayPal<\/strong><br \/>\nIhre Karte wird durch PayPal nach Versendung der Ware belastet.<\/p>\n<h2>6.\u00a0Widerrufsrecht<\/h2>\n<p>Ihnen steht das gesetzliche Widerrufsrecht, wie in der Widerrufsbelehrung beschrieben, zu.<\/p>\n<h2>7.\u00a0Transportsch\u00e4den\u200b\u200b\u200b\u200b\u200b\u200b\u200b<\/h2>\n<p>F\u00fcr Unternehmer gilt: Die Gefahr des zuf\u00e4lligen Untergangs und der zuf\u00e4lligen Verschlechterung geht auf Sie \u00fcber, sobald wir die Sache dem Spediteur, dem Frachtf\u00fchrer oder der sonst zur Ausf\u00fchrung der Versendung bestimmten Person oder Anstalt ausgeliefert haben.<\/p>\n<h2>8.\u00a0Gew\u00e4hrleistung und Garantien\u200b\u200b\u200b\u200b\u200b\u200b\u200b<\/h2>\n<h3>8.1\u00a0M\u00e4ngelhaftungsrecht<\/h3>\n<p>Es gilt das gesetzliche M\u00e4ngelhaftungsrecht.<\/p>\n<h3>8.2\u00a0Garantien und Kundendienst<\/h3>\n<p>Informationen zu gegebenenfalls geltenden zus\u00e4tzlichen Garantien und deren genaue Bedingungen finden Sie jeweils beim Produkt und auf besonderen Informationsseiten im Online-Shop.<\/p>\n<h2>9.\u00a0Haftung\u200b\u200b\u200b\u200b\u200b\u200b\u200b<\/h2>\n<p>F\u00fcr Anspr\u00fcche aufgrund von Sch\u00e4den, die durch uns, unsere gesetzlichen Vertreter oder Erf\u00fcllungsgehilfen verursacht wurden, haften wir stets unbeschr\u00e4nkt<\/p>\n<ul>\n<li>bei Verletzung des Lebens, des K\u00f6rpers oder der Gesundheit,<\/li>\n<li>bei vors\u00e4tzlicher oder grob fahrl\u00e4ssiger Pflichtverletzung,<\/li>\n<li>bei Garantieversprechen, soweit vereinbart, oder<\/li>\n<li>soweit der Anwendungsbereich des Produkthaftungsgesetzes er\u00f6ffnet ist.<\/li>\n<\/ul>\n<p>Bei Verletzung wesentlicher Vertragspflichten, deren Erf\u00fcllung die ordnungsgem\u00e4\u00dfe Durchf\u00fchrung des Vertrages \u00fcberhaupt erst erm\u00f6glicht und auf deren Einhaltung der Vertragspartner regelm\u00e4\u00dfig vertrauen darf, (Kardinalpflichten) durch leichte Fahrl\u00e4ssigkeit von uns, unseren gesetzlichen Vertretern oder Erf\u00fcllungsgehilfen ist die Haftung der H\u00f6he nach auf den bei Vertragsschluss vorhersehbaren Schaden begrenzt, mit dessen Entstehung typischerweise gerechnet werden muss.<br \/>\nIm \u00dcbrigen sind Anspr\u00fcche auf Schadensersatz ausgeschlossen.<\/p>\n<h2>10.\u00a0Streitbeilegung\u200b\u200b\u200b\u200b\u200b\u200b\u200b<\/h2>\n<p>Die Europ\u00e4ische Kommission stellt eine Plattform zur Online-Streitbeilegung (OS) bereit, die Sie <a href=\"https:\/\/ec.europa.eu\/consumers\/odr\/\" target=\"_blank\" rel=\"noopener\">hier<\/a> finden.<br \/>\nWir sind bereit, an einem au\u00dfergerichtlichen Schlichtungsverfahren vor einer Verbraucherschlichtungsstelle teilzunehmen.<\/p>\n<h2>11.\u00a0Schlussbestimmungen\u200b\u200b\u200b\u200b\u200b\u200b\u200b<\/h2>\n<p>Sind Sie Unternehmer, dann gilt deutsches Recht unter Ausschluss des UN-Kaufrechts.<\/p>\n<p><a href=\"https:\/\/legal.trustedshops.com\/produkte\/rechtstexter\" target=\"_blank\" rel=\"noopener\">T\u00e9rminos y Condiciones<\/a><br \/>\nerstellt mit dem<br \/>\n<a href=\"https:\/\/legal.trustedshops.com\" target=\"_blank\" rel=\"noopener\">Trusted Shops<\/a><br \/>\nRechtstexter<\/p>\n<p>&nbsp;<\/p>\n<\/div>\n<\/div><\/div><\/div><\/div><\/div><\/div>","protected":false},"excerpt":{"rendered":"<p>Allgemeine Gesch\u00e4ftsbedingungen 1.\u00a0Geltungsbereich F\u00fcr alle Bestellungen \u00fcber unseren Online-Shop durch <a class=\"more-link\" href=\"https:\/\/berlin-reklame.de\/es\/agb\/\">Continuar leyendo...<\/a><\/p>","protected":false},"author":1,"featured_media":0,"parent":0,"menu_order":0,"comment_status":"closed","ping_status":"closed","template":"","meta":{"footnotes":""},"class_list":["post-138","page","type-page","status-publish","hentry"],"yoast_head":"<!-- This site is optimized with the Yoast SEO Premium plugin v27.0 (Yoast SEO v27.3) - https:\/\/yoast.com\/product\/yoast-seo-premium-wordpress\/ -->\n<title>AGB<\/title>\n<meta name=\"description\" content=\"Allgemeine Gesch\u00e4ftsbedingungen der Firma Vinaccio Segarra und Roebbel-Pape GbR (berlin-reklame)\" \/>\n<meta name=\"robots\" content=\"index, follow, max-snippet:-1, max-image-preview:large, max-video-preview:-1\" \/>\n<link rel=\"canonical\" href=\"https:\/\/berlin-reklame.de\/es\/agb\/\" \/>\n<meta property=\"og:locale\" content=\"es_ES\" \/>\n<meta property=\"og:type\" content=\"article\" \/>\n<meta property=\"og:title\" content=\"AGB\" \/>\n<meta property=\"og:description\" content=\"Allgemeine Gesch\u00e4ftsbedingungen der Firma Vinaccio Segarra und Roebbel-Pape GbR (berlin-reklame)\" \/>\n<meta property=\"og:url\" content=\"https:\/\/berlin-reklame.de\/es\/agb\/\" \/>\n<meta property=\"og:site_name\" content=\"berlin reklame\" \/>\n<meta property=\"article:publisher\" content=\"https:\/\/www.facebook.com\/berlinreklame\/\" \/>\n<meta property=\"article:modified_time\" content=\"2025-07-31T15:44:45+00:00\" \/>\n<meta name=\"twitter:card\" content=\"summary_large_image\" \/>\n<meta name=\"twitter:label1\" content=\"Tiempo de lectura\" \/>\n\t<meta name=\"twitter:data1\" content=\"4 minutos\" \/>\n<script type=\"application\/ld+json\" class=\"yoast-schema-graph\">{\"@context\":\"https:\\\/\\\/schema.org\",\"@graph\":[{\"@type\":\"WebPage\",\"@id\":\"https:\\\/\\\/berlin-reklame.de\\\/agb\\\/\",\"url\":\"https:\\\/\\\/berlin-reklame.de\\\/agb\\\/\",\"name\":\"AGB\",\"isPartOf\":{\"@id\":\"https:\\\/\\\/berlin-reklame.de\\\/#website\"},\"datePublished\":\"2015-11-03T17:48:01+00:00\",\"dateModified\":\"2025-07-31T15:44:45+00:00\",\"description\":\"Allgemeine Gesch\u00e4ftsbedingungen der Firma Vinaccio Segarra und Roebbel-Pape GbR (berlin-reklame)\",\"breadcrumb\":{\"@id\":\"https:\\\/\\\/berlin-reklame.de\\\/agb\\\/#breadcrumb\"},\"inLanguage\":\"es\",\"potentialAction\":[{\"@type\":\"ReadAction\",\"target\":[\"https:\\\/\\\/berlin-reklame.de\\\/agb\\\/\"]}]},{\"@type\":\"BreadcrumbList\",\"@id\":\"https:\\\/\\\/berlin-reklame.de\\\/agb\\\/#breadcrumb\",\"itemListElement\":[{\"@type\":\"ListItem\",\"position\":1,\"name\":\"Home\",\"item\":\"https:\\\/\\\/berlin-reklame.de\\\/\"},{\"@type\":\"ListItem\",\"position\":2,\"name\":\"AGB\"}]},{\"@type\":\"WebSite\",\"@id\":\"https:\\\/\\\/berlin-reklame.de\\\/#website\",\"url\":\"https:\\\/\\\/berlin-reklame.de\\\/\",\"name\":\"berlin reklame\",\"description\":\"Kreative Werbetechnik\",\"publisher\":{\"@id\":\"https:\\\/\\\/berlin-reklame.de\\\/#organization\"},\"potentialAction\":[{\"@type\":\"SearchAction\",\"target\":{\"@type\":\"EntryPoint\",\"urlTemplate\":\"https:\\\/\\\/berlin-reklame.de\\\/?s={search_term_string}\"},\"query-input\":{\"@type\":\"PropertyValueSpecification\",\"valueRequired\":true,\"valueName\":\"search_term_string\"}}],\"inLanguage\":\"es\"},{\"@type\":\"Organization\",\"@id\":\"https:\\\/\\\/berlin-reklame.de\\\/#organization\",\"name\":\"berlin reklame\",\"url\":\"https:\\\/\\\/berlin-reklame.de\\\/\",\"logo\":{\"@type\":\"ImageObject\",\"inLanguage\":\"es\",\"@id\":\"https:\\\/\\\/berlin-reklame.de\\\/#\\\/schema\\\/logo\\\/image\\\/\",\"url\":\"https:\\\/\\\/berlin-reklame.de\\\/wp-content\\\/uploads\\\/2017\\\/10\\\/favicon2.png\",\"contentUrl\":\"https:\\\/\\\/berlin-reklame.de\\\/wp-content\\\/uploads\\\/2017\\\/10\\\/favicon2.png\",\"width\":310,\"height\":310,\"caption\":\"berlin reklame\"},\"image\":{\"@id\":\"https:\\\/\\\/berlin-reklame.de\\\/#\\\/schema\\\/logo\\\/image\\\/\"},\"sameAs\":[\"https:\\\/\\\/www.facebook.com\\\/berlinreklame\\\/\",\"https:\\\/\\\/www.instagram.com\\\/berlin_reklame\\\/\",\"https:\\\/\\\/www.linkedin.com\\\/company\\\/berlin-reklame2018\\\/\",\"https:\\\/\\\/www.youtube.com\\\/channel\\\/UCPty5C4toAhaLwAjyw5GTLw\"]}]}<\/script>\n<!-- \/ Yoast SEO Premium plugin. -->","yoast_head_json":{"title":"T\u00e9rminos y Condiciones","description":"Allgemeine Gesch\u00e4ftsbedingungen der Firma Vinaccio Segarra und Roebbel-Pape GbR (berlin-reklame)","robots":{"index":"index","follow":"follow","max-snippet":"max-snippet:-1","max-image-preview":"max-image-preview:large","max-video-preview":"max-video-preview:-1"},"canonical":"https:\/\/berlin-reklame.de\/es\/agb\/","og_locale":"es_ES","og_type":"article","og_title":"AGB","og_description":"Allgemeine Gesch\u00e4ftsbedingungen der Firma Vinaccio Segarra und Roebbel-Pape GbR (berlin-reklame)","og_url":"https:\/\/berlin-reklame.de\/es\/agb\/","og_site_name":"berlin reklame","article_publisher":"https:\/\/www.facebook.com\/berlinreklame\/","article_modified_time":"2025-07-31T15:44:45+00:00","twitter_card":"summary_large_image","twitter_misc":{"Tiempo de lectura":"4 minutos"},"schema":{"@context":"https:\/\/schema.org","@graph":[{"@type":"WebPage","@id":"https:\/\/berlin-reklame.de\/agb\/","url":"https:\/\/berlin-reklame.de\/agb\/","name":"T\u00e9rminos y Condiciones","isPartOf":{"@id":"https:\/\/berlin-reklame.de\/#website"},"datePublished":"2015-11-03T17:48:01+00:00","dateModified":"2025-07-31T15:44:45+00:00","description":"Allgemeine Gesch\u00e4ftsbedingungen der Firma Vinaccio Segarra und Roebbel-Pape GbR (berlin-reklame)","breadcrumb":{"@id":"https:\/\/berlin-reklame.de\/agb\/#breadcrumb"},"inLanguage":"es","potentialAction":[{"@type":"ReadAction","target":["https:\/\/berlin-reklame.de\/agb\/"]}]},{"@type":"BreadcrumbList","@id":"https:\/\/berlin-reklame.de\/agb\/#breadcrumb","itemListElement":[{"@type":"ListItem","position":1,"name":"Home","item":"https:\/\/berlin-reklame.de\/"},{"@type":"ListItem","position":2,"name":"AGB"}]},{"@type":"WebSite","@id":"https:\/\/berlin-reklame.de\/#website","url":"https:\/\/berlin-reklame.de\/","name":"berlin reklame","description":"Rotulaci\u00f3n con creatividad","publisher":{"@id":"https:\/\/berlin-reklame.de\/#organization"},"potentialAction":[{"@type":"SearchAction","target":{"@type":"EntryPoint","urlTemplate":"https:\/\/berlin-reklame.de\/?s={search_term_string}"},"query-input":{"@type":"PropertyValueSpecification","valueRequired":true,"valueName":"search_term_string"}}],"inLanguage":"es"},{"@type":"Organization","@id":"https:\/\/berlin-reklame.de\/#organization","name":"berlin reklame","url":"https:\/\/berlin-reklame.de\/","logo":{"@type":"ImageObject","inLanguage":"es","@id":"https:\/\/berlin-reklame.de\/#\/schema\/logo\/image\/","url":"https:\/\/berlin-reklame.de\/wp-content\/uploads\/2017\/10\/favicon2.png","contentUrl":"https:\/\/berlin-reklame.de\/wp-content\/uploads\/2017\/10\/favicon2.png","width":310,"height":310,"caption":"berlin reklame"},"image":{"@id":"https:\/\/berlin-reklame.de\/#\/schema\/logo\/image\/"},"sameAs":["https:\/\/www.facebook.com\/berlinreklame\/","https:\/\/www.instagram.com\/berlin_reklame\/","https:\/\/www.linkedin.com\/company\/berlin-reklame2018\/","https:\/\/www.youtube.com\/channel\/UCPty5C4toAhaLwAjyw5GTLw"]}]}},"_links":{"self":[{"href":"https:\/\/berlin-reklame.de\/es\/wp-json\/wp\/v2\/pages\/138","targetHints":{"allow":["GET"]}}],"collection":[{"href":"https:\/\/berlin-reklame.de\/es\/wp-json\/wp\/v2\/pages"}],"about":[{"href":"https:\/\/berlin-reklame.de\/es\/wp-json\/wp\/v2\/types\/page"}],"author":[{"embeddable":true,"href":"https:\/\/berlin-reklame.de\/es\/wp-json\/wp\/v2\/users\/1"}],"replies":[{"embeddable":true,"href":"https:\/\/berlin-reklame.de\/es\/wp-json\/wp\/v2\/comments?post=138"}],"version-history":[{"count":2,"href":"https:\/\/berlin-reklame.de\/es\/wp-json\/wp\/v2\/pages\/138\/revisions"}],"predecessor-version":[{"id":5909,"href":"https:\/\/berlin-reklame.de\/es\/wp-json\/wp\/v2\/pages\/138\/revisions\/5909"}],"wp:attachment":[{"href":"https:\/\/berlin-reklame.de\/es\/wp-json\/wp\/v2\/media?parent=138"}],"curies":[{"name":"wp","href":"https:\/\/api.w.org\/{rel}","templated":true}]}}