{"id":2276,"date":"2019-12-18T11:49:18","date_gmt":"2019-12-18T11:49:18","guid":{"rendered":"https:\/\/berlin-reklame.de\/?page_id=2276"},"modified":"2024-04-24T12:28:18","modified_gmt":"2024-04-24T12:28:18","slug":"produkte","status":"publish","type":"page","link":"https:\/\/berlin-reklame.de\/es\/produkte\/","title":{"rendered":"Productos"},"content":{"rendered":"<div id=\"pl-2276\"  class=\"panel-layout\" ><div id=\"pg-2276-0\"  class=\"panel-grid panel-has-style\" ><div class=\"siteorigin-panels-stretch panel-row-style panel-row-style-for-2276-0\" data-stretch-type=\"full-width-stretch\" ><div id=\"pgc-2276-0-0\"  class=\"panel-grid-cell\" ><div id=\"panel-2276-0-0-0\" class=\"so-panel widget widget_sow-hero panel-first-child panel-last-child\" data-index=\"0\" ><div class=\"panel-widget-style panel-widget-style-for-2276-0-0-0\" ><div\n\t\t\t\n\t\t\tclass=\"so-widget-sow-hero so-widget-sow-hero-default-f870e3ede9ac-2276 so-widget-fittext-wrapper\"\n\t\t\t data-fit-text-compressor=\"0.85\"\n\t\t>\t\t\t\t<div class=\"sow-slider-base\" style=\"display: none\" tabindex=\"0\">\n\t\t\t\t\t<ul\n\t\t\t\t\tclass=\"sow-slider-images\"\n\t\t\t\t\tdata-settings=\"{&quot;pagination&quot;:true,&quot;speed&quot;:800,&quot;timeout&quot;:8000,&quot;paused&quot;:false,&quot;pause_on_hover&quot;:false,&quot;swipe&quot;:false,&quot;nav_always_show_desktop&quot;:&quot;&quot;,&quot;nav_always_show_mobile&quot;:&quot;&quot;,&quot;breakpoint&quot;:&quot;780px&quot;,&quot;unmute&quot;:false,&quot;anchor&quot;:null}\"\n\t\t\t\t\tstyle=\"min-height: 600px\"\t\t\t\t\tdata-anchor-id=\"\"\n\t\t\t\t>\t\t<li class=\"sow-slider-image  sow-slider-image-cover\" style=\"visibility: visible;;background-color: #333333\" >\n\t\t\t\t\t<div class=\"sow-slider-image-container\">\n\t\t\t<div class=\"sow-slider-image-wrapper\">\n\t\t\t\t<h1 style=\"text-align: center\"><span style=\"color: #000000\"><strong>PRODUCTOS<\/strong><\/span><\/h1>\n<p>&nbsp;<\/p>\n<p style=\"text-align: center\"><span style=\"font-size: x-large;color: #000000\"><b>Elecci\u00f3n de productos de nuestra tienda<\/b><\/span><\/p>\n<p style=\"text-align: center\">\n<\/p>\t\t\t<\/div>\n\t\t<\/div>\n\t\t<div class=\"sow-slider-image-overlay sow-slider-image-cover\" style=\"opacity: 0.9;background-image: url(https:\/\/berlin-reklame.de\/wp-content\/uploads\/2020\/05\/alex-block-dqt_nCUrH5A-unsplash1.jpg)\"  ><\/div>\t\t<\/li>\n\t\t<\/ul>\t\t\t\t<ol class=\"sow-slider-pagination\">\n\t\t\t\t\t\t\t\t\t\t\t<li><a href=\"#\" data-goto=\"0\" aria-label=\"mostrar diapositiva 1\"><\/a><\/li>\n\t\t\t\t\t\t\t\t\t<\/ol>\n\n\t\t\t\t<div class=\"sow-slide-nav sow-slide-nav-next\">\n\t\t\t\t\t<a href=\"#\" data-goto=\"next\" aria-label=\"diapositiva siguiente\" data-action=\"next\">\n\t\t\t\t\t\t<em class=\"sow-sld-icon-thin-right\"><\/em>\n\t\t\t\t\t<\/a>\n\t\t\t\t<\/div>\n\n\t\t\t\t<div class=\"sow-slide-nav sow-slide-nav-prev\">\n\t\t\t\t\t<a href=\"#\" data-goto=\"previous\" aria-label=\"diapositiva anterior\" data-action=\"prev\">\n\t\t\t\t\t\t<em class=\"sow-sld-icon-thin-left\"><\/em>\n\t\t\t\t\t<\/a>\n\t\t\t\t<\/div>\n\t\t\t\t<\/div><\/div><\/div><\/div><\/div><\/div><\/div><div id=\"pg-2276-1\"  class=\"panel-grid panel-has-style\" ><div class=\"siteorigin-panels-stretch panel-row-style panel-row-style-for-2276-1\" data-stretch-type=\"full\" ><div id=\"pgc-2276-1-0\"  class=\"panel-grid-cell\" ><div id=\"panel-2276-1-0-0\" class=\"so-panel widget widget_lsow-features panel-first-child panel-last-child\" data-index=\"1\" ><div class=\"panel-widget-style panel-widget-style-for-2276-1-0-0\" ><div\n\t\t\t\n\t\t\tclass=\"so-widget-lsow-features so-widget-lsow-features-default-d75171398898-2276\"\n\t\t\t\n\t\t>\n<div class=\"lsow-features lsow-container lsow-tiled\"><div class=\"lsow-feature lsow-image-text-toggle\"><div class=\"lsow-feature-image lsow-image-content  lsow-animate-on-scroll lsow-visible-on-scroll\"  data-animation=\"bounceInRight\"><img decoding=\"async\" width=\"860\" height=\"574\" src=\"https:\/\/berlin-reklame.de\/wp-content\/uploads\/2020\/01\/Lakini_digitaldruck_folie_4-1024x683.jpg\" class=\"image full\" alt=\"textildigitaldruck\" srcset=\"https:\/\/berlin-reklame.de\/wp-content\/uploads\/2020\/01\/Lakini_digitaldruck_folie_4-1024x683.jpg 1024w, https:\/\/berlin-reklame.de\/wp-content\/uploads\/2020\/01\/Lakini_digitaldruck_folie_4-600x400.jpg 600w, https:\/\/berlin-reklame.de\/wp-content\/uploads\/2020\/01\/Lakini_digitaldruck_folie_4-300x200.jpg 300w, https:\/\/berlin-reklame.de\/wp-content\/uploads\/2020\/01\/Lakini_digitaldruck_folie_4-768x512.jpg 768w, https:\/\/berlin-reklame.de\/wp-content\/uploads\/2020\/01\/Lakini_digitaldruck_folie_4-1536x1025.jpg 1536w, https:\/\/berlin-reklame.de\/wp-content\/uploads\/2020\/01\/Lakini_digitaldruck_folie_4-272x182.jpg 272w, https:\/\/berlin-reklame.de\/wp-content\/uploads\/2020\/01\/Lakini_digitaldruck_folie_4.jpg 1773w\" sizes=\"(max-width: 860px) 100vw, 860px\" \/><\/div><!-- .lsow-feature-image --><div class=\"lsow-feature-text lsow-text-content  lsow-animate-on-scroll lsow-visible-on-scroll\"  data-animation=\"fadeInRight\"><div class=\"lsow-subtitle\"><\/div><h3 class=\"lsow-title\"><\/h3><div class=\"lsow-feature-details\"><h2><span style=\"color: #ffffff;\"><strong>GREEN EVENTS<br \/>\n<\/strong><\/span><\/h2>\n<p><span style=\"color: #ffffff;\">Eventos con la conciencia, producidos ecol\u00f3gicamente y totalmente reciclables:<\/span><br \/>\n<span style=\"color: #ffffff;\">Ya tenemos a su disposici\u00f3n muchos medios publicitarios ecol\u00f3gicos.<\/span><\/p>\n<p><span style=\"color: #ffffff;\"><a style=\"color: #ffffff;\" href=\"https:\/\/berlin-reklame.de\/es\/green-events\/\"><span style=\"font-size: 14pt;\"><strong>INF\u00d3RMATE AHORA &gt;&gt;<\/strong><\/span><\/a><\/span><\/p>\n<\/div><\/div><!-- .lsow-feature-text --><\/div><!-- .lsow-feature --><div class=\"lsow-feature lsow-image-text-toggle\"><div class=\"lsow-feature-image lsow-image-content  lsow-animate-on-scroll lsow-visible-on-scroll\"  data-animation=\"bounceInRight\"><img decoding=\"async\" width=\"860\" height=\"574\" src=\"https:\/\/berlin-reklame.de\/wp-content\/uploads\/2019\/08\/lollipop-schild-eco_3-1024x683.jpg\" class=\"image full\" alt=\"lollipop-schilder-eco\" srcset=\"https:\/\/berlin-reklame.de\/wp-content\/uploads\/2019\/08\/lollipop-schild-eco_3-1024x683.jpg 1024w, https:\/\/berlin-reklame.de\/wp-content\/uploads\/2019\/08\/lollipop-schild-eco_3-600x400.jpg 600w, https:\/\/berlin-reklame.de\/wp-content\/uploads\/2019\/08\/lollipop-schild-eco_3-300x200.jpg 300w, https:\/\/berlin-reklame.de\/wp-content\/uploads\/2019\/08\/lollipop-schild-eco_3-768x512.jpg 768w, https:\/\/berlin-reklame.de\/wp-content\/uploads\/2019\/08\/lollipop-schild-eco_3.jpg 1772w\" sizes=\"(max-width: 860px) 100vw, 860px\" \/><\/div><!-- .lsow-feature-image --><div class=\"lsow-feature-text lsow-text-content  lsow-animate-on-scroll lsow-visible-on-scroll\"  data-animation=\"fadeInRight\"><div class=\"lsow-subtitle\"><\/div><h3 class=\"lsow-title\"><\/h3><div class=\"lsow-feature-details\"><h2><span style=\"color: #ffffff;\"><strong>CARTEL LOLLIPOP ECOL\u00d3GICO<br \/>\n<\/strong><\/span><\/h2>\n<p class=\"translation-block\"><span style=\"color: #ffffff\">Siempre estamos buscando materiales nuevos y ecol\u00f3gicamente sensibles. El panel de nido de abeja, por ejemplo, es muy ligero, estable y complementa perfectamente a nuestra impresora UV directa, que imprime con tintas al agua.<\/span><\/p>\n<p><span style=\"color: #ffffff;\"><a style=\"color: #ffffff;\" href=\"https:\/\/berlin-reklame.de\/es\/shop\/eco-lolipop-schilder\/\"><span style=\"font-size: 14pt;\"><strong>IR A LA TIENDA  &gt;&gt;<\/strong><\/span><\/a><\/span><\/p>\n<\/div><\/div><!-- .lsow-feature-text --><\/div><!-- .lsow-feature --><div class=\"lsow-feature lsow-image-text-toggle\"><div class=\"lsow-feature-image lsow-image-content  lsow-animate-on-scroll lsow-visible-on-scroll\"  data-animation=\"bounceInLeft\"><img decoding=\"async\" width=\"860\" height=\"574\" src=\"https:\/\/berlin-reklame.de\/wp-content\/uploads\/2020\/08\/digitaldruck_berlin_1-1024x683.jpg\" class=\"image full\" alt=\"digitaldruck_event\" srcset=\"https:\/\/berlin-reklame.de\/wp-content\/uploads\/2020\/08\/digitaldruck_berlin_1-1024x683.jpg 1024w, https:\/\/berlin-reklame.de\/wp-content\/uploads\/2020\/08\/digitaldruck_berlin_1-300x200.jpg 300w, https:\/\/berlin-reklame.de\/wp-content\/uploads\/2020\/08\/digitaldruck_berlin_1-768x512.jpg 768w, https:\/\/berlin-reklame.de\/wp-content\/uploads\/2020\/08\/digitaldruck_berlin_1-1536x1024.jpg 1536w, https:\/\/berlin-reklame.de\/wp-content\/uploads\/2020\/08\/digitaldruck_berlin_1-600x400.jpg 600w, https:\/\/berlin-reklame.de\/wp-content\/uploads\/2020\/08\/digitaldruck_berlin_1-272x182.jpg 272w, https:\/\/berlin-reklame.de\/wp-content\/uploads\/2020\/08\/digitaldruck_berlin_1.jpg 1773w\" sizes=\"(max-width: 860px) 100vw, 860px\" \/><\/div><!-- .lsow-feature-image --><div class=\"lsow-feature-text lsow-text-content  lsow-animate-on-scroll lsow-visible-on-scroll\"  data-animation=\"fadeInLeft\"><div class=\"lsow-subtitle\"><\/div><h3 class=\"lsow-title\"><\/h3><div class=\"lsow-feature-details\"><h2><span style=\"color: #ffffff;\"><strong>PIXLIP GO<br \/>\n<\/strong><\/span><\/h2>\n<p><span style=\"color: #ffffff;\">Das Pr\u00e4sentationssystem f\u00fcr Ihre Bed\u00fcrfnisse - mobil, beleuchtet und flexibel.<\/span><br \/>\n<span style=\"color: #ffffff;\">Sie ben\u00f6tigen eine individuelle und effektive L\u00f6sung f\u00fcr Ihre Kommunikationma\u00dfnahme? Dann hat PIXLIP GO genau das passende System dazu!<\/span><\/p>\n<p><span style=\"color: #ffffff;\"><a style=\"color: #ffffff;\" href=\"https:\/\/berlin-reklame.de\/es\/produkte\/pixlip-go\/\"><span style=\"font-size: 14pt;\"><strong>IR AL PRODUCTO &gt;&gt;<\/strong><\/span><\/a><\/span><\/p>\n<\/div><\/div><!-- .lsow-feature-text --><\/div><!-- .lsow-feature --><div class=\"lsow-feature lsow-image-text-toggle\"><div class=\"lsow-feature-image lsow-image-content  lsow-animate-on-scroll lsow-visible-on-scroll\"  data-animation=\"bounceInRight\"><img decoding=\"async\" width=\"860\" height=\"574\" src=\"https:\/\/berlin-reklame.de\/wp-content\/uploads\/2018\/10\/Textilspannrahmen_7-1024x683.jpg\" class=\"image full\" alt=\"Alu-Textilspannrahmen mit digitaldruck\" srcset=\"https:\/\/berlin-reklame.de\/wp-content\/uploads\/2018\/10\/Textilspannrahmen_7-1024x683.jpg 1024w, https:\/\/berlin-reklame.de\/wp-content\/uploads\/2018\/10\/Textilspannrahmen_7-600x400.jpg 600w, https:\/\/berlin-reklame.de\/wp-content\/uploads\/2018\/10\/Textilspannrahmen_7-300x200.jpg 300w, https:\/\/berlin-reklame.de\/wp-content\/uploads\/2018\/10\/Textilspannrahmen_7-768x512.jpg 768w, https:\/\/berlin-reklame.de\/wp-content\/uploads\/2018\/10\/Textilspannrahmen_7.jpg 1772w\" sizes=\"(max-width: 860px) 100vw, 860px\" \/><\/div><!-- .lsow-feature-image --><div class=\"lsow-feature-text lsow-text-content  lsow-animate-on-scroll lsow-visible-on-scroll\"  data-animation=\"fadeInRight\"><div class=\"lsow-subtitle\"><\/div><h3 class=\"lsow-title\"><\/h3><div class=\"lsow-feature-details\"><h2><span style=\"color: #ffffff;\"><strong>PANELES TEXTILES<br \/>\n<\/strong><\/span><\/h2>\n<p><span style=\"color: #ffffff;\">Con nuestro sistema de fijaci\u00f3n sin marco, puede cambiar el dise\u00f1o de cada cara de forma independiente, de manera f\u00e1cil y flexible.<\/span><\/p>\n<p><span style=\"color: #ffffff;\"><a style=\"color: #ffffff;\" href=\"https:\/\/berlin-reklame.de\/es\/produkte\/textilspannrahmen-stellwaende\/\"><span style=\"font-size: 14pt;\"><strong>INF\u00d3RMATE AHORA &gt;&gt;<\/strong><\/span><\/a><\/span><\/p>\n<\/div><\/div><!-- .lsow-feature-text --><\/div><!-- .lsow-feature --><div class=\"lsow-feature lsow-image-text-toggle\"><div class=\"lsow-feature-image lsow-image-content  lsow-animate-on-scroll lsow-visible-on-scroll\"  data-animation=\"bounceInLeft\"><img decoding=\"async\" width=\"860\" height=\"574\" src=\"https:\/\/berlin-reklame.de\/wp-content\/uploads\/2016\/06\/fussbodenfolie_12-1024x683.jpg\" class=\"image full\" alt=\"Fu\u00dfbodenfolie\" srcset=\"https:\/\/berlin-reklame.de\/wp-content\/uploads\/2016\/06\/fussbodenfolie_12-1024x683.jpg 1024w, https:\/\/berlin-reklame.de\/wp-content\/uploads\/2016\/06\/fussbodenfolie_12-600x400.jpg 600w, https:\/\/berlin-reklame.de\/wp-content\/uploads\/2016\/06\/fussbodenfolie_12-300x200.jpg 300w, https:\/\/berlin-reklame.de\/wp-content\/uploads\/2016\/06\/fussbodenfolie_12-768x512.jpg 768w, https:\/\/berlin-reklame.de\/wp-content\/uploads\/2016\/06\/fussbodenfolie_12.jpg 1773w\" sizes=\"(max-width: 860px) 100vw, 860px\" \/><\/div><!-- .lsow-feature-image --><div class=\"lsow-feature-text lsow-text-content  lsow-animate-on-scroll lsow-visible-on-scroll\"  data-animation=\"fadeInLeft\"><div class=\"lsow-subtitle\"><\/div><h3 class=\"lsow-title\"><\/h3><div class=\"lsow-feature-details\"><h2><span style=\"color: #ffffff;\"><strong>SUELO GR\u00c1FICO<br \/>\n<\/strong><\/span><\/h2>\n<p><span style=\"color: #ffffff;\">HAGA DE SU SUELO UN ESPACIO PUBLICITARIO<\/span><span>\u00a0<\/span><span style=\"color: #ffffff;\">El suelo, el espacio publicitario m\u00e1s infravalorado.<\/span><\/p>\n<p><span style=\"color: #ffffff;\"><a style=\"color: #ffffff;\" href=\"https:\/\/berlin-reklame.de\/es\/produkte\/fussboden-aufkleber\/\"><span style=\"font-size: 14pt;\"><strong>INF\u00d3RMATE AHORA &gt;&gt;<\/strong><\/span><\/a><\/span><\/p>\n<\/div><\/div><!-- .lsow-feature-text --><\/div><!-- .lsow-feature --><\/div><!-- .lsow-features --><\/div><\/div><\/div><\/div><\/div><\/div><\/div>","protected":false},"excerpt":{"rendered":"<p>PRODUKTE &nbsp; Auswahl von Produkten aus unserem Shop. GREEN EVENTS <a class=\"more-link\" href=\"https:\/\/berlin-reklame.de\/es\/produkte\/\">Continuar leyendo...<\/a><\/p>","protected":false},"author":1,"featured_media":0,"parent":0,"menu_order":0,"comment_status":"closed","ping_status":"closed","template":"","meta":{"footnotes":""},"class_list":["post-2276","page","type-page","status-publish","hentry"],"yoast_head":"<!-- This site is optimized with the Yoast SEO Premium plugin v27.0 (Yoast SEO v27.3) - https:\/\/yoast.com\/product\/yoast-seo-premium-wordpress\/ -->\n<title>Produkte - Auswahl von Produkten aus unserem Shop<\/title>\n<meta name=\"description\" content=\"\u00d6KO LOLLIPOP SCHILDER - CORONA SCHUTZ AUFKLEBER - GREEN EVENTS - PIXLIP GO - TEXTILSPANNRAHMEN - FUSSBODENAUFKLEBER\" \/>\n<meta name=\"robots\" content=\"index, follow, max-snippet:-1, max-image-preview:large, max-video-preview:-1\" \/>\n<link rel=\"canonical\" href=\"https:\/\/berlin-reklame.de\/es\/produkte\/\" \/>\n<meta property=\"og:locale\" content=\"es_ES\" \/>\n<meta property=\"og:type\" content=\"article\" \/>\n<meta property=\"og:title\" content=\"Produkte\" \/>\n<meta property=\"og:description\" content=\"\u00d6KO LOLLIPOP SCHILDER - CORONA SCHUTZ AUFKLEBER - GREEN EVENTS - PIXLIP GO - TEXTILSPANNRAHMEN - FUSSBODENAUFKLEBER\" \/>\n<meta property=\"og:url\" content=\"https:\/\/berlin-reklame.de\/es\/produkte\/\" \/>\n<meta property=\"og:site_name\" content=\"berlin reklame\" \/>\n<meta property=\"article:publisher\" content=\"https:\/\/www.facebook.com\/berlinreklame\/\" \/>\n<meta property=\"article:modified_time\" content=\"2024-04-24T12:28:18+00:00\" \/>\n<meta name=\"twitter:card\" content=\"summary_large_image\" \/>\n<meta name=\"twitter:label1\" content=\"Tiempo de lectura\" \/>\n\t<meta name=\"twitter:data1\" content=\"2 minutos\" \/>\n<script type=\"application\/ld+json\" class=\"yoast-schema-graph\">{\"@context\":\"https:\\\/\\\/schema.org\",\"@graph\":[{\"@type\":\"WebPage\",\"@id\":\"https:\\\/\\\/berlin-reklame.de\\\/produkte\\\/\",\"url\":\"https:\\\/\\\/berlin-reklame.de\\\/produkte\\\/\",\"name\":\"Produkte - Auswahl von Produkten aus unserem Shop\",\"isPartOf\":{\"@id\":\"https:\\\/\\\/berlin-reklame.de\\\/#website\"},\"datePublished\":\"2019-12-18T11:49:18+00:00\",\"dateModified\":\"2024-04-24T12:28:18+00:00\",\"description\":\"\u00d6KO LOLLIPOP SCHILDER - CORONA SCHUTZ AUFKLEBER - GREEN EVENTS - PIXLIP GO - TEXTILSPANNRAHMEN - FUSSBODENAUFKLEBER\",\"breadcrumb\":{\"@id\":\"https:\\\/\\\/berlin-reklame.de\\\/produkte\\\/#breadcrumb\"},\"inLanguage\":\"es\",\"potentialAction\":[{\"@type\":\"ReadAction\",\"target\":[\"https:\\\/\\\/berlin-reklame.de\\\/produkte\\\/\"]}]},{\"@type\":\"BreadcrumbList\",\"@id\":\"https:\\\/\\\/berlin-reklame.de\\\/produkte\\\/#breadcrumb\",\"itemListElement\":[{\"@type\":\"ListItem\",\"position\":1,\"name\":\"Home\",\"item\":\"https:\\\/\\\/berlin-reklame.de\\\/\"},{\"@type\":\"ListItem\",\"position\":2,\"name\":\"Produkte\"}]},{\"@type\":\"WebSite\",\"@id\":\"https:\\\/\\\/berlin-reklame.de\\\/#website\",\"url\":\"https:\\\/\\\/berlin-reklame.de\\\/\",\"name\":\"berlin reklame\",\"description\":\"Kreative Werbetechnik\",\"publisher\":{\"@id\":\"https:\\\/\\\/berlin-reklame.de\\\/#organization\"},\"potentialAction\":[{\"@type\":\"SearchAction\",\"target\":{\"@type\":\"EntryPoint\",\"urlTemplate\":\"https:\\\/\\\/berlin-reklame.de\\\/?s={search_term_string}\"},\"query-input\":{\"@type\":\"PropertyValueSpecification\",\"valueRequired\":true,\"valueName\":\"search_term_string\"}}],\"inLanguage\":\"es\"},{\"@type\":\"Organization\",\"@id\":\"https:\\\/\\\/berlin-reklame.de\\\/#organization\",\"name\":\"berlin reklame\",\"url\":\"https:\\\/\\\/berlin-reklame.de\\\/\",\"logo\":{\"@type\":\"ImageObject\",\"inLanguage\":\"es\",\"@id\":\"https:\\\/\\\/berlin-reklame.de\\\/#\\\/schema\\\/logo\\\/image\\\/\",\"url\":\"https:\\\/\\\/berlin-reklame.de\\\/wp-content\\\/uploads\\\/2017\\\/10\\\/favicon2.png\",\"contentUrl\":\"https:\\\/\\\/berlin-reklame.de\\\/wp-content\\\/uploads\\\/2017\\\/10\\\/favicon2.png\",\"width\":310,\"height\":310,\"caption\":\"berlin reklame\"},\"image\":{\"@id\":\"https:\\\/\\\/berlin-reklame.de\\\/#\\\/schema\\\/logo\\\/image\\\/\"},\"sameAs\":[\"https:\\\/\\\/www.facebook.com\\\/berlinreklame\\\/\",\"https:\\\/\\\/www.instagram.com\\\/berlin_reklame\\\/\",\"https:\\\/\\\/www.linkedin.com\\\/company\\\/berlin-reklame2018\\\/\",\"https:\\\/\\\/www.youtube.com\\\/channel\\\/UCPty5C4toAhaLwAjyw5GTLw\"]}]}<\/script>\n<!-- \/ Yoast SEO Premium plugin. -->","yoast_head_json":{"title":"Produkte - Auswahl von Produkten aus unserem Shop","description":"\u00d6KO LOLLIPOP SCHILDER - CORONA SCHUTZ AUFKLEBER - GREEN EVENTS - PIXLIP GO - TEXTILSPANNRAHMEN - FUSSBODENAUFKLEBER","robots":{"index":"index","follow":"follow","max-snippet":"max-snippet:-1","max-image-preview":"max-image-preview:large","max-video-preview":"max-video-preview:-1"},"canonical":"https:\/\/berlin-reklame.de\/es\/produkte\/","og_locale":"es_ES","og_type":"article","og_title":"Produkte","og_description":"\u00d6KO LOLLIPOP SCHILDER - CORONA SCHUTZ AUFKLEBER - GREEN EVENTS - PIXLIP GO - TEXTILSPANNRAHMEN - FUSSBODENAUFKLEBER","og_url":"https:\/\/berlin-reklame.de\/es\/produkte\/","og_site_name":"berlin reklame","article_publisher":"https:\/\/www.facebook.com\/berlinreklame\/","article_modified_time":"2024-04-24T12:28:18+00:00","twitter_card":"summary_large_image","twitter_misc":{"Tiempo de lectura":"2 minutos"},"schema":{"@context":"https:\/\/schema.org","@graph":[{"@type":"WebPage","@id":"https:\/\/berlin-reklame.de\/produkte\/","url":"https:\/\/berlin-reklame.de\/produkte\/","name":"Produkte - Auswahl von Produkten aus unserem Shop","isPartOf":{"@id":"https:\/\/berlin-reklame.de\/#website"},"datePublished":"2019-12-18T11:49:18+00:00","dateModified":"2024-04-24T12:28:18+00:00","description":"\u00d6KO LOLLIPOP SCHILDER - CORONA SCHUTZ AUFKLEBER - GREEN EVENTS - PIXLIP GO - TEXTILSPANNRAHMEN - FUSSBODENAUFKLEBER","breadcrumb":{"@id":"https:\/\/berlin-reklame.de\/produkte\/#breadcrumb"},"inLanguage":"es","potentialAction":[{"@type":"ReadAction","target":["https:\/\/berlin-reklame.de\/produkte\/"]}]},{"@type":"BreadcrumbList","@id":"https:\/\/berlin-reklame.de\/produkte\/#breadcrumb","itemListElement":[{"@type":"ListItem","position":1,"name":"Home","item":"https:\/\/berlin-reklame.de\/"},{"@type":"ListItem","position":2,"name":"Produkte"}]},{"@type":"WebSite","@id":"https:\/\/berlin-reklame.de\/#website","url":"https:\/\/berlin-reklame.de\/","name":"berlin reklame","description":"Rotulaci\u00f3n con creatividad","publisher":{"@id":"https:\/\/berlin-reklame.de\/#organization"},"potentialAction":[{"@type":"SearchAction","target":{"@type":"EntryPoint","urlTemplate":"https:\/\/berlin-reklame.de\/?s={search_term_string}"},"query-input":{"@type":"PropertyValueSpecification","valueRequired":true,"valueName":"search_term_string"}}],"inLanguage":"es"},{"@type":"Organization","@id":"https:\/\/berlin-reklame.de\/#organization","name":"berlin reklame","url":"https:\/\/berlin-reklame.de\/","logo":{"@type":"ImageObject","inLanguage":"es","@id":"https:\/\/berlin-reklame.de\/#\/schema\/logo\/image\/","url":"https:\/\/berlin-reklame.de\/wp-content\/uploads\/2017\/10\/favicon2.png","contentUrl":"https:\/\/berlin-reklame.de\/wp-content\/uploads\/2017\/10\/favicon2.png","width":310,"height":310,"caption":"berlin reklame"},"image":{"@id":"https:\/\/berlin-reklame.de\/#\/schema\/logo\/image\/"},"sameAs":["https:\/\/www.facebook.com\/berlinreklame\/","https:\/\/www.instagram.com\/berlin_reklame\/","https:\/\/www.linkedin.com\/company\/berlin-reklame2018\/","https:\/\/www.youtube.com\/channel\/UCPty5C4toAhaLwAjyw5GTLw"]}]}},"_links":{"self":[{"href":"https:\/\/berlin-reklame.de\/es\/wp-json\/wp\/v2\/pages\/2276","targetHints":{"allow":["GET"]}}],"collection":[{"href":"https:\/\/berlin-reklame.de\/es\/wp-json\/wp\/v2\/pages"}],"about":[{"href":"https:\/\/berlin-reklame.de\/es\/wp-json\/wp\/v2\/types\/page"}],"author":[{"embeddable":true,"href":"https:\/\/berlin-reklame.de\/es\/wp-json\/wp\/v2\/users\/1"}],"replies":[{"embeddable":true,"href":"https:\/\/berlin-reklame.de\/es\/wp-json\/wp\/v2\/comments?post=2276"}],"version-history":[{"count":3,"href":"https:\/\/berlin-reklame.de\/es\/wp-json\/wp\/v2\/pages\/2276\/revisions"}],"predecessor-version":[{"id":5638,"href":"https:\/\/berlin-reklame.de\/es\/wp-json\/wp\/v2\/pages\/2276\/revisions\/5638"}],"wp:attachment":[{"href":"https:\/\/berlin-reklame.de\/es\/wp-json\/wp\/v2\/media?parent=2276"}],"curies":[{"name":"wp","href":"https:\/\/api.w.org\/{rel}","templated":true}]}}