{"id":2762,"date":"2020-04-14T12:55:44","date_gmt":"2020-04-14T12:55:44","guid":{"rendered":"https:\/\/berlin-reklame.de\/?page_id=2762"},"modified":"2022-12-07T14:36:53","modified_gmt":"2022-12-07T14:36:53","slug":"versandundzahlung","status":"publish","type":"page","link":"https:\/\/berlin-reklame.de\/es\/versandundzahlung\/","title":{"rendered":"Env\u00edos y pagos"},"content":{"rendered":"<div id=\"pl-2762\"  class=\"panel-layout\" ><div id=\"pg-2762-0\"  class=\"panel-grid panel-no-style\" ><div id=\"pgc-2762-0-0\"  class=\"panel-grid-cell\" ><div id=\"panel-2762-0-0-0\" class=\"so-panel widget widget_sow-editor panel-first-child panel-last-child\" data-index=\"0\" ><div class=\"panel-widget-style panel-widget-style-for-2762-0-0-0\" ><div\n\t\t\t\n\t\t\tclass=\"so-widget-sow-editor so-widget-sow-editor-base\"\n\t\t\t\n\t\t>\n<div class=\"siteorigin-widget-tinymce textwidget\">\n\t<h2><strong>Versand und Zahlungen<\/strong><\/h2>\n<p>&nbsp;<\/p>\n<h3><strong>Informationen zu unseren Versandverpackungen<\/strong><\/h3>\n<p>&nbsp;<\/p>\n<p>Wir m\u00f6chten unsere Sendungen an Sie so nachhaltig und fair gestalten wie m\u00f6glich! Unsere Verpackung besteht aus sch\u00f6nen braunen Pappkartons (neu oder gebraucht), die sich ganz leicht und ohne Probleme weiter benutzen oder wieder recyceln lassen.<br \/>\nAu\u00dferdem verwenden wir eine \"gr\u00fcne\" Luftpolsterfolie, die immerhin zu 50% aus recycelten Materialien besteht.<\/p>\n<p>Damit auch der Versand so nachhaltig wie m\u00f6glich ist, versenden wir je nach Verpackungsgr\u00f6\u00dfe mit der Deutschen Post oder mit DHL GoGreen an Sie! Durch GoGreen werden die Emissionen f\u00fcr den Versand des Paketes neutralisiert, indem im Ausgleich <a href=\"http:\/\/www.dpdhl.com\/de\/verantwortung\/umweltschutz\/gruene_produkte_und_services\/klimaschutzprojekte.html\"><em>international anerkannte Klimaschutzprojekte gef\u00f6rdert<\/em><\/a>\u00a0werden.<\/p>\n<p>Ihr DHL Paket wird von Montag bis Samstag zugestellt und kann auch an eine Packstation gesendet werden.<\/p>\n<p><strong>Versandkosten Deutschland<\/strong><\/p>\n<p>Zustellung in Deutschland in der Regel innerhalb von 48 Stunden (95 % aller Sendungen werden schon nach 24 Stunden zugestellt).<\/p>\n<p>Alle Produkte werden Versandkostenfrei versendet.<\/p>\n<p><span style=\"font-size: 1.5rem;\">Standardhaftung: bis 510,00 \u20ac des Nettowarenwertes maximal<br \/>\n<\/span><strong>Paketdienst Express<\/strong> und <strong>Internationale Lieferung<\/strong> auf Anfrage m\u00f6glich!<\/p>\n<hr \/>\n<h4><strong>Produktions- und Lieferzeiten<\/strong><\/h4>\n<p>Die Produktion der Bestellung erfolgt nach Zahlungseingang innerhalb von 5-7 Tagen, die Lieferung erfolgt innerhalb von 3-5 Tagen abh\u00e4ngig von den Konditionen der Spedition oder Lieferdienstes.<\/p>\n<p>Individuelle Anfragen und Anfertigungen senden Sie uns bitte \u00fcber unser Kontaktformular oder per Mail. Die Produktions- und Lieferzeiten werden nach Kundenangaben angepasst. Sofern keine besonderen Fristen vereinbart wurden, wird die Produktion innerhalb von 5-7 Tagen gefertigt und versandfertig gemacht, die Lieferung erfolgt innerhalb 3-5 Tagen abh\u00e4ngig von den Konditionen der Spedition und Lieferdienst.<\/p>\n<p>Bitte beachten Sie, dass an Sonn- und Feiertagen keine Lieferungen m\u00f6glich sind.<\/p>\n<p>Haben Sie Artikel mit unterschiedlichen Lieferzeiten bestellt, versenden wir diese in einer Lieferung, sofern wir keine abweichende Vereinbarung mit Ihnen getroffen haben. Die Lieferzeit bestimmt sich in diesem Fall nach dem von Ihnen bestellten Artikel mit der l\u00e4ngsten Lieferzeit.<\/p>\n<p>Wenn Sie Ihre Bestellung selbst abholen, informieren wir Sie per E-Mail \u00fcber die Verf\u00fcgbarkeit der Artikel und Abholoptionen.<\/p>\n<hr \/>\n<h4><\/h4>\n<h4><strong>Akzeptierte Zahlungsm\u00f6glichkeiten<\/strong><\/h4>\n<ul>\n<li>Vorkasse per \u00dcberweisung<\/li>\n<li>Zahlung per PayPal<\/li>\n<li>Zahlung per PayPal (Kreditkarte, Lastschrift, ggf. Rechnung)<\/li>\n<\/ul>\n<p><strong>Weitere Einzelheiten zur Zahlung<\/strong><\/p>\n<p>Die Zahlung per Rechnung ist nur f\u00fcr individuelle Anfragen m\u00f6glich, und ist \u00fcber den Shop nicht verf\u00fcgbar.<\/p>\n<p><strong>Bei Fragen finden Sie unsere Kontaktdaten im <a href=\"https:\/\/berlin-reklame.de\/es\/impressum\/\">Aviso Legal<\/a>.<\/strong><\/p>\n<\/div>\n<\/div><\/div><\/div><\/div><\/div><\/div>","protected":false},"excerpt":{"rendered":"<p>Versand und Zahlungen &nbsp; Informationen zu unseren Versandverpackungen &nbsp; Wir <a class=\"more-link\" href=\"https:\/\/berlin-reklame.de\/es\/versandundzahlung\/\">Continuar leyendo...<\/a><\/p>","protected":false},"author":1,"featured_media":0,"parent":0,"menu_order":0,"comment_status":"closed","ping_status":"closed","template":"","meta":{"footnotes":""},"class_list":["post-2762","page","type-page","status-publish","hentry"],"yoast_head":"<!-- This site is optimized with the Yoast SEO Premium plugin v27.4 (Yoast SEO v27.5) - https:\/\/yoast.com\/product\/yoast-seo-premium-wordpress\/ -->\n<title>Versand &amp; Zahlung<\/title>\n<meta name=\"robots\" content=\"index, follow, max-snippet:-1, max-image-preview:large, max-video-preview:-1\" \/>\n<link rel=\"canonical\" href=\"https:\/\/berlin-reklame.de\/es\/versandundzahlung\/\" \/>\n<meta property=\"og:locale\" content=\"es_ES\" \/>\n<meta property=\"og:type\" content=\"article\" \/>\n<meta property=\"og:title\" content=\"Versand &amp; Zahlung\" \/>\n<meta property=\"og:description\" content=\"Versand und Zahlungen &nbsp; Informationen zu unseren Versandverpackungen &nbsp; Wir Lesen Sie mehr ...\" \/>\n<meta property=\"og:url\" content=\"https:\/\/berlin-reklame.de\/es\/versandundzahlung\/\" \/>\n<meta property=\"og:site_name\" content=\"berlin reklame\" \/>\n<meta property=\"article:publisher\" content=\"https:\/\/www.facebook.com\/berlinreklame\/\" \/>\n<meta property=\"article:modified_time\" content=\"2022-12-07T14:36:53+00:00\" \/>\n<meta name=\"twitter:card\" content=\"summary_large_image\" \/>\n<meta name=\"twitter:label1\" content=\"Tiempo de lectura\" \/>\n\t<meta name=\"twitter:data1\" content=\"3 minutos\" \/>\n<script type=\"application\/ld+json\" class=\"yoast-schema-graph\">{\"@context\":\"https:\\\/\\\/schema.org\",\"@graph\":[{\"@type\":\"WebPage\",\"@id\":\"https:\\\/\\\/berlin-reklame.de\\\/versandundzahlung\\\/\",\"url\":\"https:\\\/\\\/berlin-reklame.de\\\/versandundzahlung\\\/\",\"name\":\"Versand & Zahlung\",\"isPartOf\":{\"@id\":\"https:\\\/\\\/berlin-reklame.de\\\/#website\"},\"datePublished\":\"2020-04-14T12:55:44+00:00\",\"dateModified\":\"2022-12-07T14:36:53+00:00\",\"breadcrumb\":{\"@id\":\"https:\\\/\\\/berlin-reklame.de\\\/versandundzahlung\\\/#breadcrumb\"},\"inLanguage\":\"es\",\"potentialAction\":[{\"@type\":\"ReadAction\",\"target\":[\"https:\\\/\\\/berlin-reklame.de\\\/versandundzahlung\\\/\"]}]},{\"@type\":\"BreadcrumbList\",\"@id\":\"https:\\\/\\\/berlin-reklame.de\\\/versandundzahlung\\\/#breadcrumb\",\"itemListElement\":[{\"@type\":\"ListItem\",\"position\":1,\"name\":\"Home\",\"item\":\"https:\\\/\\\/berlin-reklame.de\\\/\"},{\"@type\":\"ListItem\",\"position\":2,\"name\":\"Versand &#038; Zahlung\"}]},{\"@type\":\"WebSite\",\"@id\":\"https:\\\/\\\/berlin-reklame.de\\\/#website\",\"url\":\"https:\\\/\\\/berlin-reklame.de\\\/\",\"name\":\"berlin reklame\",\"description\":\"Kreative Werbetechnik\",\"publisher\":{\"@id\":\"https:\\\/\\\/berlin-reklame.de\\\/#organization\"},\"potentialAction\":[{\"@type\":\"SearchAction\",\"target\":{\"@type\":\"EntryPoint\",\"urlTemplate\":\"https:\\\/\\\/berlin-reklame.de\\\/?s={search_term_string}\"},\"query-input\":{\"@type\":\"PropertyValueSpecification\",\"valueRequired\":true,\"valueName\":\"search_term_string\"}}],\"inLanguage\":\"es\"},{\"@type\":\"Organization\",\"@id\":\"https:\\\/\\\/berlin-reklame.de\\\/#organization\",\"name\":\"berlin reklame\",\"url\":\"https:\\\/\\\/berlin-reklame.de\\\/\",\"logo\":{\"@type\":\"ImageObject\",\"inLanguage\":\"es\",\"@id\":\"https:\\\/\\\/berlin-reklame.de\\\/#\\\/schema\\\/logo\\\/image\\\/\",\"url\":\"https:\\\/\\\/berlin-reklame.de\\\/wp-content\\\/uploads\\\/2017\\\/10\\\/favicon2.png\",\"contentUrl\":\"https:\\\/\\\/berlin-reklame.de\\\/wp-content\\\/uploads\\\/2017\\\/10\\\/favicon2.png\",\"width\":310,\"height\":310,\"caption\":\"berlin reklame\"},\"image\":{\"@id\":\"https:\\\/\\\/berlin-reklame.de\\\/#\\\/schema\\\/logo\\\/image\\\/\"},\"sameAs\":[\"https:\\\/\\\/www.facebook.com\\\/berlinreklame\\\/\",\"https:\\\/\\\/www.instagram.com\\\/berlin_reklame\\\/\",\"https:\\\/\\\/www.linkedin.com\\\/company\\\/berlin-reklame2018\\\/\",\"https:\\\/\\\/www.youtube.com\\\/channel\\\/UCPty5C4toAhaLwAjyw5GTLw\"]}]}<\/script>\n<!-- \/ Yoast SEO Premium plugin. -->","yoast_head_json":{"title":"Versand & Zahlung","robots":{"index":"index","follow":"follow","max-snippet":"max-snippet:-1","max-image-preview":"max-image-preview:large","max-video-preview":"max-video-preview:-1"},"canonical":"https:\/\/berlin-reklame.de\/es\/versandundzahlung\/","og_locale":"es_ES","og_type":"article","og_title":"Versand & Zahlung","og_description":"Versand und Zahlungen &nbsp; Informationen zu unseren Versandverpackungen &nbsp; Wir Lesen Sie mehr ...","og_url":"https:\/\/berlin-reklame.de\/es\/versandundzahlung\/","og_site_name":"berlin reklame","article_publisher":"https:\/\/www.facebook.com\/berlinreklame\/","article_modified_time":"2022-12-07T14:36:53+00:00","twitter_card":"summary_large_image","twitter_misc":{"Tiempo de lectura":"3 minutos"},"schema":{"@context":"https:\/\/schema.org","@graph":[{"@type":"WebPage","@id":"https:\/\/berlin-reklame.de\/versandundzahlung\/","url":"https:\/\/berlin-reklame.de\/versandundzahlung\/","name":"Versand & Zahlung","isPartOf":{"@id":"https:\/\/berlin-reklame.de\/#website"},"datePublished":"2020-04-14T12:55:44+00:00","dateModified":"2022-12-07T14:36:53+00:00","breadcrumb":{"@id":"https:\/\/berlin-reklame.de\/versandundzahlung\/#breadcrumb"},"inLanguage":"es","potentialAction":[{"@type":"ReadAction","target":["https:\/\/berlin-reklame.de\/versandundzahlung\/"]}]},{"@type":"BreadcrumbList","@id":"https:\/\/berlin-reklame.de\/versandundzahlung\/#breadcrumb","itemListElement":[{"@type":"ListItem","position":1,"name":"Home","item":"https:\/\/berlin-reklame.de\/"},{"@type":"ListItem","position":2,"name":"Versand &#038; Zahlung"}]},{"@type":"WebSite","@id":"https:\/\/berlin-reklame.de\/#website","url":"https:\/\/berlin-reklame.de\/","name":"berlin reklame","description":"Rotulaci\u00f3n con creatividad","publisher":{"@id":"https:\/\/berlin-reklame.de\/#organization"},"potentialAction":[{"@type":"SearchAction","target":{"@type":"EntryPoint","urlTemplate":"https:\/\/berlin-reklame.de\/?s={search_term_string}"},"query-input":{"@type":"PropertyValueSpecification","valueRequired":true,"valueName":"search_term_string"}}],"inLanguage":"es"},{"@type":"Organization","@id":"https:\/\/berlin-reklame.de\/#organization","name":"berlin reklame","url":"https:\/\/berlin-reklame.de\/","logo":{"@type":"ImageObject","inLanguage":"es","@id":"https:\/\/berlin-reklame.de\/#\/schema\/logo\/image\/","url":"https:\/\/berlin-reklame.de\/wp-content\/uploads\/2017\/10\/favicon2.png","contentUrl":"https:\/\/berlin-reklame.de\/wp-content\/uploads\/2017\/10\/favicon2.png","width":310,"height":310,"caption":"berlin reklame"},"image":{"@id":"https:\/\/berlin-reklame.de\/#\/schema\/logo\/image\/"},"sameAs":["https:\/\/www.facebook.com\/berlinreklame\/","https:\/\/www.instagram.com\/berlin_reklame\/","https:\/\/www.linkedin.com\/company\/berlin-reklame2018\/","https:\/\/www.youtube.com\/channel\/UCPty5C4toAhaLwAjyw5GTLw"]}]}},"_links":{"self":[{"href":"https:\/\/berlin-reklame.de\/es\/wp-json\/wp\/v2\/pages\/2762","targetHints":{"allow":["GET"]}}],"collection":[{"href":"https:\/\/berlin-reklame.de\/es\/wp-json\/wp\/v2\/pages"}],"about":[{"href":"https:\/\/berlin-reklame.de\/es\/wp-json\/wp\/v2\/types\/page"}],"author":[{"embeddable":true,"href":"https:\/\/berlin-reklame.de\/es\/wp-json\/wp\/v2\/users\/1"}],"replies":[{"embeddable":true,"href":"https:\/\/berlin-reklame.de\/es\/wp-json\/wp\/v2\/comments?post=2762"}],"version-history":[{"count":0,"href":"https:\/\/berlin-reklame.de\/es\/wp-json\/wp\/v2\/pages\/2762\/revisions"}],"wp:attachment":[{"href":"https:\/\/berlin-reklame.de\/es\/wp-json\/wp\/v2\/media?parent=2762"}],"curies":[{"name":"wp","href":"https:\/\/api.w.org\/{rel}","templated":true}]}}