{"id":3202,"date":"2020-04-25T12:09:11","date_gmt":"2020-04-25T12:09:11","guid":{"rendered":"https:\/\/berlin-reklame.de\/?post_type=product&#038;p=3202"},"modified":"2024-01-23T13:37:22","modified_gmt":"2024-01-23T13:37:22","slug":"eco-lolipop-schilder","status":"publish","type":"product","link":"https:\/\/berlin-reklame.de\/es\/shop\/eco-lolipop-schilder\/","title":{"rendered":"Lollipop \u00d6ko"},"content":{"rendered":"<p><span style=\"font-size: 14pt; color: #333333;\"><strong>\u00d6ko Lollipop Schilder, zu 100% recyclingf\u00e4hig<\/strong><\/span><br \/>\n<span style=\"color: #808080;\">Los materiales promocionales a menudo est\u00e1n hechos de materiales no ecol\u00f3gicos, como el PVC.<\/span><\/p>\n<p class=\"translation-block\"><span style=\"color: #ffffff\">Siempre estamos buscando materiales nuevos y ecol\u00f3gicamente sensibles. El panel de nido de abeja, por ejemplo, es muy ligero, estable y complementa perfectamente a nuestra impresora UV directa, que imprime con tintas al agua.<\/span><\/p>\n<p><span style=\"color: #808080;\">Die Platte ist 10 mm dick und besteht einfach nur aus Pappe und Papier. Wir fr\u00e4sen aus der Platte eine Form und montieren sie auf einen Holzrundstab. Leicht, stabil und \u00f6kologisch sinnvoll.<\/span><br \/>\n<strong><span style=\"color: #808080;\">Gut f\u00fcr die Umwelt. Gut f\u00fcr Sie.<\/span><\/strong><\/p>\n<p><span style=\"color: #000080;\"><strong>\u2714\ufe0f 100% recyclingf\u00e4hig<\/strong><\/span><br \/>\n<span style=\"color: #000080;\"><strong>\u2714\ufe0f Think Green<\/strong><\/span><br \/>\n<span style=\"color: #000080;\"><strong>\u2714\ufe0f PVC-frei<\/strong><\/span><\/p>\n<p><span style=\"color: #808080;\"><a style=\"color: #808080;\" href=\"https:\/\/berlin-reklame.de\/es\/green-events\/\" target=\"_blank\" rel=\"noopener noreferrer\">100 % recyclingf\u00e4hig<\/a> \u2013 die umweltfreundliche <strong>Alternative z.B. zu PVC-Hartschaumplatten<\/strong><\/span><\/p>\n<p><span style=\"color: #808080;\"><strong><span style=\"font-size: 12pt;\">Propiedades de este producto<\/span><\/strong><\/span><\/p>\n<ul>\n<li><span style=\"color: #808080;\">Handlich und leicht<\/span><\/li>\n<li><span style=\"color: #808080;\">F\u00fcr den Inneneinsatz geeignet<\/span><\/li>\n<li><span style=\"color: #808080;\">F\u00fcr den Au\u00dfeneinsatz kurzfristig geeignet<\/span><\/li>\n<\/ul>\n<p><span style=\"color: #000000;\"><strong>Para descargar<\/strong><\/span><\/p>\n<ul>\n<li><span style=\"color: #003366;\"><strong><a style=\"color: #003366;\" href=\"https:\/\/berlin-reklame.de\/download\/Datenblatt_Lollipop-Eco.pdf\" target=\"_blank\" rel=\"noopener noreferrer\">Datenblatt<\/a><\/strong><\/span><\/li>\n<\/ul>","protected":false},"excerpt":{"rendered":"<p><span style=\"font-size: 14pt; color: #000000;\"><strong>\u00d6ko Lollipop Schild, zu 100% recyclingf\u00e4hig<br \/>\n<\/strong><\/span><span style=\"color: #808080;\">100 % recyclingf\u00e4hig \u2013 die umweltfreundliche Alternative z.B. zu PVC-Hartschaumplatten<\/span><\/p>\n<p><span style=\"font-size: 1.5rem; color: #808080;\"><strong>Env\u00edo gratis<\/strong><\/span><\/p>\n<ul class=\"a-unordered-list a-vertical a-spacing-mini\" style=\"list-style-type: square;\">\n<li><span class=\"a-list-item\" style=\"color: #808080;\">Schilder f\u00fcr Veranstaltungen, Messen und <a style=\"color: #808080;\" href=\"https:\/\/berlin-reklame.de\/es\/green-events\/\" target=\"_blank\" rel=\"noopener noreferrer\">green Events<\/a><\/span><\/li>\n<li><span style=\"color: #808080;\">Wabenplatte 10 mm gefr\u00e4st<\/span><\/li>\n<li><span style=\"color: #808080;\">Gr\u00f6\u00dfe: \u00d8 300 mm<\/span><\/li>\n<li><span style=\"color: #808080;\">Innenbereich mittelfristig, Au\u00dfenbereich kurzfristig<\/span><\/li>\n<li><span style=\"color: #808080;\">UV-Druck \/ Latex<\/span><\/li>\n<li><span style=\"color: #999999;\">PVC-frei<\/span><\/li>\n<li><span class=\"a-list-item\" style=\"color: #808080;\">Hergestellt in Deutschland<\/span><\/li>\n<\/ul>\n<p><span style=\"font-size: 10pt; color: #000000;\">Tiempo de entrega: 5-7 d\u00edas<\/span><br \/>\n<span style=\"font-size: 10pt; color: #000000;\"><em>Precio neto m\u00e1s impuestos<\/em><\/span><\/p>\n<p><span style=\"font-size: 10pt; color: #000000;\"><em>\u00a0<\/em><\/span><img decoding=\"async\" class=\"alignnone wp-image-4524\" style=\"color: #000000; font-size: 13.3333px;\" src=\"https:\/\/berlin-reklame.de\/wp-content\/uploads\/2020\/05\/Lieferung_free.png\" alt=\"\" width=\"45\" height=\"45\" srcset=\"https:\/\/berlin-reklame.de\/wp-content\/uploads\/2020\/05\/Lieferung_free.png 225w, https:\/\/berlin-reklame.de\/wp-content\/uploads\/2020\/05\/Lieferung_free-150x150.png 150w, https:\/\/berlin-reklame.de\/wp-content\/uploads\/2020\/05\/Lieferung_free-12x12.png 12w, https:\/\/berlin-reklame.de\/wp-content\/uploads\/2020\/05\/Lieferung_free-100x100.png 100w\" sizes=\"(max-width: 45px) 100vw, 45px\" \/>\u00a0 \u00a0<img decoding=\"async\" class=\"alignnone size-full wp-image-4523\" src=\"https:\/\/berlin-reklame.de\/wp-content\/uploads\/2020\/05\/paypal_M2_Logo_03.jpg\" alt=\"\" width=\"148\" height=\"67\" srcset=\"https:\/\/berlin-reklame.de\/wp-content\/uploads\/2020\/05\/paypal_M2_Logo_03.jpg 148w, https:\/\/berlin-reklame.de\/wp-content\/uploads\/2020\/05\/paypal_M2_Logo_03-16x7.jpg 16w\" sizes=\"(max-width: 148px) 100vw, 148px\" \/> <a class=\"more-link\" href=\"https:\/\/berlin-reklame.de\/es\/shop\/eco-lolipop-schilder\/\">Continuar leyendo...<\/a><\/p>","protected":false},"featured_media":4564,"template":"","meta":[],"product_brand":[],"product_cat":[1922,1451],"product_tag":[],"class_list":{"0":"post-3202","1":"product","2":"type-product","3":"status-publish","4":"has-post-thumbnail","6":"product_cat-events","7":"product_cat-lollipop","8":"product_shipping_class-gratis-versand","10":"first","11":"instock","12":"taxable","13":"shipping-taxable","14":"purchasable","15":"product-type-variable"},"yoast_head":"<!-- This site is optimized with the Yoast SEO Premium plugin v27.0 (Yoast SEO v27.4) - https:\/\/yoast.com\/product\/yoast-seo-premium-wordpress\/ -->\n<title>Lollipop \u00d6ko - berlin reklame - Online kaufen<\/title>\n<meta name=\"description\" content=\"Eco-Lolipop-Schilder, zu 100% recyclebarWerbematerialien sind h\u00e4ufig aus \u00f6kologisch sinnlosen Materialen wie zum Beispiel PVC.\" \/>\n<meta name=\"robots\" content=\"index, follow, max-snippet:-1, max-image-preview:large, max-video-preview:-1\" \/>\n<link rel=\"canonical\" href=\"https:\/\/berlin-reklame.de\/es\/shop\/eco-lolipop-schilder\/\" \/>\n<meta property=\"og:locale\" content=\"es_ES\" \/>\n<meta property=\"og:type\" content=\"article\" \/>\n<meta property=\"og:title\" content=\"Lollipop \u00d6ko\" \/>\n<meta property=\"og:description\" content=\"Eco-Lolipop-Schilder, zu 100% recyclebarWerbematerialien sind h\u00e4ufig aus \u00f6kologisch sinnlosen Materialen wie zum Beispiel PVC.\" \/>\n<meta property=\"og:url\" content=\"https:\/\/berlin-reklame.de\/es\/shop\/eco-lolipop-schilder\/\" \/>\n<meta property=\"og:site_name\" content=\"berlin reklame\" \/>\n<meta property=\"article:publisher\" content=\"https:\/\/www.facebook.com\/berlinreklame\/\" \/>\n<meta property=\"article:modified_time\" content=\"2024-01-23T13:37:22+00:00\" \/>\n<meta property=\"og:image\" content=\"https:\/\/berlin-reklame.de\/wp-content\/uploads\/2020\/11\/Lollipop_OEKo_picto.jpg\" \/>\n\t<meta property=\"og:image:width\" content=\"1738\" \/>\n\t<meta property=\"og:image:height\" content=\"1305\" \/>\n\t<meta property=\"og:image:type\" content=\"image\/jpeg\" \/>\n<meta name=\"twitter:card\" content=\"summary_large_image\" \/>\n<meta name=\"twitter:label1\" content=\"Tiempo de lectura\" \/>\n\t<meta name=\"twitter:data1\" content=\"1 minuto\" \/>\n<script type=\"application\/ld+json\" class=\"yoast-schema-graph\">{\"@context\":\"https:\\\/\\\/schema.org\",\"@graph\":[{\"@type\":\"WebPage\",\"@id\":\"https:\\\/\\\/berlin-reklame.de\\\/shop\\\/eco-lolipop-schilder\\\/\",\"url\":\"https:\\\/\\\/berlin-reklame.de\\\/shop\\\/eco-lolipop-schilder\\\/\",\"name\":\"Lollipop \u00d6ko - berlin reklame - Online kaufen\",\"isPartOf\":{\"@id\":\"https:\\\/\\\/berlin-reklame.de\\\/#website\"},\"primaryImageOfPage\":{\"@id\":\"https:\\\/\\\/berlin-reklame.de\\\/shop\\\/eco-lolipop-schilder\\\/#primaryimage\"},\"image\":{\"@id\":\"https:\\\/\\\/berlin-reklame.de\\\/shop\\\/eco-lolipop-schilder\\\/#primaryimage\"},\"thumbnailUrl\":\"https:\\\/\\\/berlin-reklame.de\\\/wp-content\\\/uploads\\\/2020\\\/11\\\/Lollipop_OEKo_picto.jpg\",\"datePublished\":\"2020-04-25T12:09:11+00:00\",\"dateModified\":\"2024-01-23T13:37:22+00:00\",\"description\":\"Eco-Lolipop-Schilder, zu 100% recyclebarWerbematerialien sind h\u00e4ufig aus \u00f6kologisch sinnlosen Materialen wie zum Beispiel PVC.\",\"breadcrumb\":{\"@id\":\"https:\\\/\\\/berlin-reklame.de\\\/shop\\\/eco-lolipop-schilder\\\/#breadcrumb\"},\"inLanguage\":\"es\",\"potentialAction\":[{\"@type\":\"ReadAction\",\"target\":[\"https:\\\/\\\/berlin-reklame.de\\\/shop\\\/eco-lolipop-schilder\\\/\"]}]},{\"@type\":\"ImageObject\",\"inLanguage\":\"es\",\"@id\":\"https:\\\/\\\/berlin-reklame.de\\\/shop\\\/eco-lolipop-schilder\\\/#primaryimage\",\"url\":\"https:\\\/\\\/berlin-reklame.de\\\/wp-content\\\/uploads\\\/2020\\\/11\\\/Lollipop_OEKo_picto.jpg\",\"contentUrl\":\"https:\\\/\\\/berlin-reklame.de\\\/wp-content\\\/uploads\\\/2020\\\/11\\\/Lollipop_OEKo_picto.jpg\",\"width\":1738,\"height\":1305,\"caption\":\"Lollipop schild eco\"},{\"@type\":\"BreadcrumbList\",\"@id\":\"https:\\\/\\\/berlin-reklame.de\\\/shop\\\/eco-lolipop-schilder\\\/#breadcrumb\",\"itemListElement\":[{\"@type\":\"ListItem\",\"position\":1,\"name\":\"Home\",\"item\":\"https:\\\/\\\/berlin-reklame.de\\\/\"},{\"@type\":\"ListItem\",\"position\":2,\"name\":\"Productos\",\"item\":\"https:\\\/\\\/berlin-reklame.de\\\/es\\\/shop\\\/\"},{\"@type\":\"ListItem\",\"position\":3,\"name\":\"Lollipop \u00d6ko\"}]},{\"@type\":\"WebSite\",\"@id\":\"https:\\\/\\\/berlin-reklame.de\\\/#website\",\"url\":\"https:\\\/\\\/berlin-reklame.de\\\/\",\"name\":\"berlin reklame\",\"description\":\"Kreative Werbetechnik\",\"publisher\":{\"@id\":\"https:\\\/\\\/berlin-reklame.de\\\/#organization\"},\"potentialAction\":[{\"@type\":\"SearchAction\",\"target\":{\"@type\":\"EntryPoint\",\"urlTemplate\":\"https:\\\/\\\/berlin-reklame.de\\\/?s={search_term_string}\"},\"query-input\":{\"@type\":\"PropertyValueSpecification\",\"valueRequired\":true,\"valueName\":\"search_term_string\"}}],\"inLanguage\":\"es\"},{\"@type\":\"Organization\",\"@id\":\"https:\\\/\\\/berlin-reklame.de\\\/#organization\",\"name\":\"berlin reklame\",\"url\":\"https:\\\/\\\/berlin-reklame.de\\\/\",\"logo\":{\"@type\":\"ImageObject\",\"inLanguage\":\"es\",\"@id\":\"https:\\\/\\\/berlin-reklame.de\\\/#\\\/schema\\\/logo\\\/image\\\/\",\"url\":\"https:\\\/\\\/berlin-reklame.de\\\/wp-content\\\/uploads\\\/2017\\\/10\\\/favicon2.png\",\"contentUrl\":\"https:\\\/\\\/berlin-reklame.de\\\/wp-content\\\/uploads\\\/2017\\\/10\\\/favicon2.png\",\"width\":310,\"height\":310,\"caption\":\"berlin reklame\"},\"image\":{\"@id\":\"https:\\\/\\\/berlin-reklame.de\\\/#\\\/schema\\\/logo\\\/image\\\/\"},\"sameAs\":[\"https:\\\/\\\/www.facebook.com\\\/berlinreklame\\\/\",\"https:\\\/\\\/www.instagram.com\\\/berlin_reklame\\\/\",\"https:\\\/\\\/www.linkedin.com\\\/company\\\/berlin-reklame2018\\\/\",\"https:\\\/\\\/www.youtube.com\\\/channel\\\/UCPty5C4toAhaLwAjyw5GTLw\"]}]}<\/script>\n<!-- \/ Yoast SEO Premium plugin. -->","yoast_head_json":{"title":"Lollipop \u00d6ko - berlin reklame - Online kaufen","description":"Eco-Lolipop-Schilder, zu 100% recyclebarWerbematerialien sind h\u00e4ufig aus \u00f6kologisch sinnlosen Materialen wie zum Beispiel PVC.","robots":{"index":"index","follow":"follow","max-snippet":"max-snippet:-1","max-image-preview":"max-image-preview:large","max-video-preview":"max-video-preview:-1"},"canonical":"https:\/\/berlin-reklame.de\/es\/shop\/eco-lolipop-schilder\/","og_locale":"es_ES","og_type":"article","og_title":"Lollipop \u00d6ko","og_description":"Eco-Lolipop-Schilder, zu 100% recyclebarWerbematerialien sind h\u00e4ufig aus \u00f6kologisch sinnlosen Materialen wie zum Beispiel PVC.","og_url":"https:\/\/berlin-reklame.de\/es\/shop\/eco-lolipop-schilder\/","og_site_name":"berlin reklame","article_publisher":"https:\/\/www.facebook.com\/berlinreklame\/","article_modified_time":"2024-01-23T13:37:22+00:00","og_image":[{"width":1738,"height":1305,"url":"https:\/\/berlin-reklame.de\/wp-content\/uploads\/2020\/11\/Lollipop_OEKo_picto.jpg","type":"image\/jpeg"}],"twitter_card":"summary_large_image","twitter_misc":{"Tiempo de lectura":"1 minuto"},"schema":{"@context":"https:\/\/schema.org","@graph":[{"@type":"WebPage","@id":"https:\/\/berlin-reklame.de\/shop\/eco-lolipop-schilder\/","url":"https:\/\/berlin-reklame.de\/shop\/eco-lolipop-schilder\/","name":"Lollipop \u00d6ko - berlin reklame - Online kaufen","isPartOf":{"@id":"https:\/\/berlin-reklame.de\/#website"},"primaryImageOfPage":{"@id":"https:\/\/berlin-reklame.de\/shop\/eco-lolipop-schilder\/#primaryimage"},"image":{"@id":"https:\/\/berlin-reklame.de\/shop\/eco-lolipop-schilder\/#primaryimage"},"thumbnailUrl":"https:\/\/berlin-reklame.de\/wp-content\/uploads\/2020\/11\/Lollipop_OEKo_picto.jpg","datePublished":"2020-04-25T12:09:11+00:00","dateModified":"2024-01-23T13:37:22+00:00","description":"Eco-Lolipop-Schilder, zu 100% recyclebarWerbematerialien sind h\u00e4ufig aus \u00f6kologisch sinnlosen Materialen wie zum Beispiel PVC.","breadcrumb":{"@id":"https:\/\/berlin-reklame.de\/shop\/eco-lolipop-schilder\/#breadcrumb"},"inLanguage":"es","potentialAction":[{"@type":"ReadAction","target":["https:\/\/berlin-reklame.de\/shop\/eco-lolipop-schilder\/"]}]},{"@type":"ImageObject","inLanguage":"es","@id":"https:\/\/berlin-reklame.de\/shop\/eco-lolipop-schilder\/#primaryimage","url":"https:\/\/berlin-reklame.de\/wp-content\/uploads\/2020\/11\/Lollipop_OEKo_picto.jpg","contentUrl":"https:\/\/berlin-reklame.de\/wp-content\/uploads\/2020\/11\/Lollipop_OEKo_picto.jpg","width":1738,"height":1305,"caption":"Lollipop schild eco"},{"@type":"BreadcrumbList","@id":"https:\/\/berlin-reklame.de\/shop\/eco-lolipop-schilder\/#breadcrumb","itemListElement":[{"@type":"ListItem","position":1,"name":"Home","item":"https:\/\/berlin-reklame.de\/"},{"@type":"ListItem","position":2,"name":"Productos","item":"https:\/\/berlin-reklame.de\/es\/shop\/"},{"@type":"ListItem","position":3,"name":"Lollipop \u00d6ko"}]},{"@type":"WebSite","@id":"https:\/\/berlin-reklame.de\/#website","url":"https:\/\/berlin-reklame.de\/","name":"berlin reklame","description":"Rotulaci\u00f3n con creatividad","publisher":{"@id":"https:\/\/berlin-reklame.de\/#organization"},"potentialAction":[{"@type":"SearchAction","target":{"@type":"EntryPoint","urlTemplate":"https:\/\/berlin-reklame.de\/?s={search_term_string}"},"query-input":{"@type":"PropertyValueSpecification","valueRequired":true,"valueName":"search_term_string"}}],"inLanguage":"es"},{"@type":"Organization","@id":"https:\/\/berlin-reklame.de\/#organization","name":"berlin reklame","url":"https:\/\/berlin-reklame.de\/","logo":{"@type":"ImageObject","inLanguage":"es","@id":"https:\/\/berlin-reklame.de\/#\/schema\/logo\/image\/","url":"https:\/\/berlin-reklame.de\/wp-content\/uploads\/2017\/10\/favicon2.png","contentUrl":"https:\/\/berlin-reklame.de\/wp-content\/uploads\/2017\/10\/favicon2.png","width":310,"height":310,"caption":"berlin reklame"},"image":{"@id":"https:\/\/berlin-reklame.de\/#\/schema\/logo\/image\/"},"sameAs":["https:\/\/www.facebook.com\/berlinreklame\/","https:\/\/www.instagram.com\/berlin_reklame\/","https:\/\/www.linkedin.com\/company\/berlin-reklame2018\/","https:\/\/www.youtube.com\/channel\/UCPty5C4toAhaLwAjyw5GTLw"]}]}},"tiered_pricing_type":"fixed","tiered_pricing_fixed_rules":{"6":38},"tiered_pricing_product_settings":{"layout":"default","base_unit_name":{"singular":null,"plural":null},"default_variation":null},"tiered_pricing_minimum_quantity":null,"tiered_pricing_roles_data":[],"tiered_pricing_percentage_rules":[],"_links":{"self":[{"href":"https:\/\/berlin-reklame.de\/es\/wp-json\/wp\/v2\/product\/3202","targetHints":{"allow":["GET"]}}],"collection":[{"href":"https:\/\/berlin-reklame.de\/es\/wp-json\/wp\/v2\/product"}],"about":[{"href":"https:\/\/berlin-reklame.de\/es\/wp-json\/wp\/v2\/types\/product"}],"wp:featuredmedia":[{"embeddable":true,"href":"https:\/\/berlin-reklame.de\/es\/wp-json\/wp\/v2\/media\/4564"}],"wp:attachment":[{"href":"https:\/\/berlin-reklame.de\/es\/wp-json\/wp\/v2\/media?parent=3202"}],"wp:term":[{"taxonomy":"product_brand","embeddable":true,"href":"https:\/\/berlin-reklame.de\/es\/wp-json\/wp\/v2\/product_brand?post=3202"},{"taxonomy":"product_cat","embeddable":true,"href":"https:\/\/berlin-reklame.de\/es\/wp-json\/wp\/v2\/product_cat?post=3202"},{"taxonomy":"product_tag","embeddable":true,"href":"https:\/\/berlin-reklame.de\/es\/wp-json\/wp\/v2\/product_tag?post=3202"}],"curies":[{"name":"wp","href":"https:\/\/api.w.org\/{rel}","templated":true}]}}