{"id":3687,"date":"2020-05-14T09:42:37","date_gmt":"2020-05-14T09:42:37","guid":{"rendered":"https:\/\/berlin-reklame.de\/?post_type=product&#038;p=3687"},"modified":"2024-04-06T07:26:09","modified_gmt":"2024-04-06T07:26:09","slug":"fliesen-mit-eigenem-motiv","status":"publish","type":"product","link":"https:\/\/berlin-reklame.de\/es\/shop\/fliesen-mit-eigenem-motiv\/","title":{"rendered":"AZULEJOS con su motivo"},"content":{"rendered":"<p><span style=\"color: #333333;\"><strong><span style=\"font-size: 14pt;\">Regalo original - simplemente diferente<\/span><\/strong><\/span><\/p>\n<p><span style=\"color: #808080;\">Besondere Dekoidee und einzigartiges Geschenk f\u00fcr Frauen und M\u00e4nner<\/span><\/p>\n<p><span style=\"color: #808080;\">Fliesen k\u00f6nnen mit UV-Druck bedruckt werden. <strong><span style=\"font-size: 11pt;\"><a style=\"color: #808080;\" href=\"https:\/\/berlin-reklame.de\/es\/leistungen\/uv-direktdruck-und-plattendruck-blindenschrift\/\" target=\"_blank\" rel=\"noopener noreferrer\"><em>Mehr lesen&#8230;<\/em><\/a><\/span><\/strong><\/span><\/p>\n<p><span style=\"color: #808080;\">Die wei\u00dfe Wandfliese ist f\u00fcr alle Wandfl\u00e4chen geeignet. Ob im Bad oder der K\u00fcche l\u00e4sst sie Ihre R\u00e4ume in einem zeitlosen Wei\u00df erstrahlen.<\/span><\/p>\n<p class=\"LC20lb DKV0Md\"><span style=\"color: #808080;\">\u00a0 \u00a0 \u00a0 \u00a0 Originelle Geschenkidee<\/span><br \/>\n<span style=\"color: #808080;\">&#8212; Aufh\u00e4ngevorrichtung inklusive &#8212;<\/span><\/p>\n<p><span style=\"color: #333333;\"><strong><span style=\"font-size: 12pt;\">Puede cargar su archivo antes de pagar!<\/span><\/strong><\/span><\/p>\n<p><span style=\"color: #000000;\"><strong>Para descargar<\/strong><\/span><\/p>\n<ul>\n<li><span style=\"color: #000000;\"> <a style=\"color: #000000;\" href=\"https:\/\/berlin-reklame.de\/download\/Daten\u00fcbernahme_UV-Druck_berlin-reklame.pdf\" target=\"_blank\" rel=\"noopener noreferrer\">Informaci\u00f3n para la impresi\u00f3n<\/a><\/span><\/li>\n<\/ul>\n<p>&nbsp;<\/p>","protected":false},"excerpt":{"rendered":"<ul class=\"list-unstyled detail\">\n<li><strong>\u00a0 El regalo perfecto<\/strong><\/li>\n<li><i class=\"fa fa-check text-muted\"><\/i>\u00a0 Medida: 15\u00d720 cm \/ 20\u00d725 cm \/ 20\u00d720 cm<\/li>\n<li><i class=\"fa fa-check text-muted\"><\/i>\u00a0 Fliesen in h\u00f6chster Qualit\u00e4t mit UV-Tinten bedruckt<\/li>\n<li><i class=\"fa fa-check text-muted\"><\/i>\u00a0 Sin pedido m\u00ednimo<\/li>\n<\/ul>\n<p><em><br \/>\nEnv\u00edo gratis<\/em><\/p>\n<p><span style=\"font-size: 10pt;\">Tiempo de entrega: 2-3 d\u00edas<br \/>\n<\/span><span style=\"font-size: 10pt; color: #000000;\"><em>\u00a0<\/em><\/span><img decoding=\"async\" class=\"alignnone wp-image-4524\" style=\"color: #000000; font-size: 13.3333px;\" src=\"https:\/\/berlin-reklame.de\/wp-content\/uploads\/2020\/05\/Lieferung_free.png\" alt=\"\" width=\"45\" height=\"45\" srcset=\"https:\/\/berlin-reklame.de\/wp-content\/uploads\/2020\/05\/Lieferung_free.png 225w, https:\/\/berlin-reklame.de\/wp-content\/uploads\/2020\/05\/Lieferung_free-150x150.png 150w, https:\/\/berlin-reklame.de\/wp-content\/uploads\/2020\/05\/Lieferung_free-12x12.png 12w, https:\/\/berlin-reklame.de\/wp-content\/uploads\/2020\/05\/Lieferung_free-100x100.png 100w\" sizes=\"(max-width: 45px) 100vw, 45px\" \/>\u00a0 \u00a0<img decoding=\"async\" class=\"alignnone size-full wp-image-4523\" src=\"https:\/\/berlin-reklame.de\/wp-content\/uploads\/2020\/05\/paypal_M2_Logo_03.jpg\" alt=\"\" width=\"148\" height=\"67\" srcset=\"https:\/\/berlin-reklame.de\/wp-content\/uploads\/2020\/05\/paypal_M2_Logo_03.jpg 148w, https:\/\/berlin-reklame.de\/wp-content\/uploads\/2020\/05\/paypal_M2_Logo_03-16x7.jpg 16w\" sizes=\"(max-width: 148px) 100vw, 148px\" \/> <a class=\"more-link\" href=\"https:\/\/berlin-reklame.de\/es\/shop\/fliesen-mit-eigenem-motiv\/\">Continuar leyendo...<\/a><\/p>","protected":false},"featured_media":4545,"template":"","meta":[],"product_brand":[],"product_cat":[1665],"product_tag":[],"class_list":{"0":"post-3687","1":"product","2":"type-product","3":"status-publish","4":"has-post-thumbnail","6":"product_cat-uv-druck","7":"product_shipping_class-gratis-versand","9":"first","10":"instock","11":"taxable","12":"shipping-taxable","13":"purchasable","14":"product-type-variable"},"yoast_head":"<!-- This site is optimized with the Yoast SEO Premium plugin v27.4 (Yoast SEO v27.5) - https:\/\/yoast.com\/product\/yoast-seo-premium-wordpress\/ -->\n<title>FLIESEN mit Ihrem Motiv - berlin reklame<\/title>\n<meta name=\"description\" content=\"Originelles Geschenk - einfach mal andersBesondere Dekoidee und einzigartiges Geschenk f\u00fcr Frauen und M\u00e4nner\" \/>\n<meta name=\"robots\" content=\"index, follow, max-snippet:-1, max-image-preview:large, max-video-preview:-1\" \/>\n<link rel=\"canonical\" href=\"https:\/\/berlin-reklame.de\/es\/shop\/fliesen-mit-eigenem-motiv\/\" \/>\n<meta property=\"og:locale\" content=\"es_ES\" \/>\n<meta property=\"og:type\" content=\"article\" \/>\n<meta property=\"og:title\" content=\"FLIESEN mit Ihrem Motiv\" \/>\n<meta property=\"og:description\" content=\"Originelles Geschenk - einfach mal andersBesondere Dekoidee und einzigartiges Geschenk f\u00fcr Frauen und M\u00e4nner\" \/>\n<meta property=\"og:url\" content=\"https:\/\/berlin-reklame.de\/es\/shop\/fliesen-mit-eigenem-motiv\/\" \/>\n<meta property=\"og:site_name\" content=\"berlin reklame\" \/>\n<meta property=\"article:publisher\" content=\"https:\/\/www.facebook.com\/berlinreklame\/\" \/>\n<meta property=\"article:modified_time\" content=\"2024-04-06T07:26:09+00:00\" \/>\n<meta property=\"og:image\" content=\"https:\/\/berlin-reklame.de\/wp-content\/uploads\/2020\/11\/Fliesen_bedrucken_1.jpg\" \/>\n\t<meta property=\"og:image:width\" content=\"1187\" \/>\n\t<meta property=\"og:image:height\" content=\"892\" \/>\n\t<meta property=\"og:image:type\" content=\"image\/jpeg\" \/>\n<meta name=\"twitter:card\" content=\"summary_large_image\" \/>\n<meta name=\"twitter:label1\" content=\"Tiempo de lectura\" \/>\n\t<meta name=\"twitter:data1\" content=\"1 minuto\" \/>\n<script type=\"application\/ld+json\" class=\"yoast-schema-graph\">{\"@context\":\"https:\\\/\\\/schema.org\",\"@graph\":[{\"@type\":\"WebPage\",\"@id\":\"https:\\\/\\\/berlin-reklame.de\\\/shop\\\/fliesen-mit-eigenem-motiv\\\/\",\"url\":\"https:\\\/\\\/berlin-reklame.de\\\/shop\\\/fliesen-mit-eigenem-motiv\\\/\",\"name\":\"FLIESEN mit Ihrem Motiv - berlin reklame\",\"isPartOf\":{\"@id\":\"https:\\\/\\\/berlin-reklame.de\\\/#website\"},\"primaryImageOfPage\":{\"@id\":\"https:\\\/\\\/berlin-reklame.de\\\/shop\\\/fliesen-mit-eigenem-motiv\\\/#primaryimage\"},\"image\":{\"@id\":\"https:\\\/\\\/berlin-reklame.de\\\/shop\\\/fliesen-mit-eigenem-motiv\\\/#primaryimage\"},\"thumbnailUrl\":\"https:\\\/\\\/berlin-reklame.de\\\/wp-content\\\/uploads\\\/2020\\\/11\\\/Fliesen_bedrucken_1.jpg\",\"datePublished\":\"2020-05-14T09:42:37+00:00\",\"dateModified\":\"2024-04-06T07:26:09+00:00\",\"description\":\"Originelles Geschenk - einfach mal andersBesondere Dekoidee und einzigartiges Geschenk f\u00fcr Frauen und M\u00e4nner\",\"breadcrumb\":{\"@id\":\"https:\\\/\\\/berlin-reklame.de\\\/shop\\\/fliesen-mit-eigenem-motiv\\\/#breadcrumb\"},\"inLanguage\":\"es\",\"potentialAction\":[{\"@type\":\"ReadAction\",\"target\":[\"https:\\\/\\\/berlin-reklame.de\\\/shop\\\/fliesen-mit-eigenem-motiv\\\/\"]}]},{\"@type\":\"ImageObject\",\"inLanguage\":\"es\",\"@id\":\"https:\\\/\\\/berlin-reklame.de\\\/shop\\\/fliesen-mit-eigenem-motiv\\\/#primaryimage\",\"url\":\"https:\\\/\\\/berlin-reklame.de\\\/wp-content\\\/uploads\\\/2020\\\/11\\\/Fliesen_bedrucken_1.jpg\",\"contentUrl\":\"https:\\\/\\\/berlin-reklame.de\\\/wp-content\\\/uploads\\\/2020\\\/11\\\/Fliesen_bedrucken_1.jpg\",\"width\":1187,\"height\":892,\"caption\":\"Fliesen_bedrucken berlin\"},{\"@type\":\"BreadcrumbList\",\"@id\":\"https:\\\/\\\/berlin-reklame.de\\\/shop\\\/fliesen-mit-eigenem-motiv\\\/#breadcrumb\",\"itemListElement\":[{\"@type\":\"ListItem\",\"position\":1,\"name\":\"Home\",\"item\":\"https:\\\/\\\/berlin-reklame.de\\\/\"},{\"@type\":\"ListItem\",\"position\":2,\"name\":\"Productos\",\"item\":\"https:\\\/\\\/berlin-reklame.de\\\/es\\\/shop\\\/\"},{\"@type\":\"ListItem\",\"position\":3,\"name\":\"FLIESEN mit Ihrem Motiv\"}]},{\"@type\":\"WebSite\",\"@id\":\"https:\\\/\\\/berlin-reklame.de\\\/#website\",\"url\":\"https:\\\/\\\/berlin-reklame.de\\\/\",\"name\":\"berlin reklame\",\"description\":\"Kreative Werbetechnik\",\"publisher\":{\"@id\":\"https:\\\/\\\/berlin-reklame.de\\\/#organization\"},\"potentialAction\":[{\"@type\":\"SearchAction\",\"target\":{\"@type\":\"EntryPoint\",\"urlTemplate\":\"https:\\\/\\\/berlin-reklame.de\\\/?s={search_term_string}\"},\"query-input\":{\"@type\":\"PropertyValueSpecification\",\"valueRequired\":true,\"valueName\":\"search_term_string\"}}],\"inLanguage\":\"es\"},{\"@type\":\"Organization\",\"@id\":\"https:\\\/\\\/berlin-reklame.de\\\/#organization\",\"name\":\"berlin reklame\",\"url\":\"https:\\\/\\\/berlin-reklame.de\\\/\",\"logo\":{\"@type\":\"ImageObject\",\"inLanguage\":\"es\",\"@id\":\"https:\\\/\\\/berlin-reklame.de\\\/#\\\/schema\\\/logo\\\/image\\\/\",\"url\":\"https:\\\/\\\/berlin-reklame.de\\\/wp-content\\\/uploads\\\/2017\\\/10\\\/favicon2.png\",\"contentUrl\":\"https:\\\/\\\/berlin-reklame.de\\\/wp-content\\\/uploads\\\/2017\\\/10\\\/favicon2.png\",\"width\":310,\"height\":310,\"caption\":\"berlin reklame\"},\"image\":{\"@id\":\"https:\\\/\\\/berlin-reklame.de\\\/#\\\/schema\\\/logo\\\/image\\\/\"},\"sameAs\":[\"https:\\\/\\\/www.facebook.com\\\/berlinreklame\\\/\",\"https:\\\/\\\/www.instagram.com\\\/berlin_reklame\\\/\",\"https:\\\/\\\/www.linkedin.com\\\/company\\\/berlin-reklame2018\\\/\",\"https:\\\/\\\/www.youtube.com\\\/channel\\\/UCPty5C4toAhaLwAjyw5GTLw\"]}]}<\/script>\n<!-- \/ Yoast SEO Premium plugin. -->","yoast_head_json":{"title":"FLIESEN mit Ihrem Motiv - berlin reklame","description":"Originelles Geschenk - einfach mal andersBesondere Dekoidee und einzigartiges Geschenk f\u00fcr Frauen und M\u00e4nner","robots":{"index":"index","follow":"follow","max-snippet":"max-snippet:-1","max-image-preview":"max-image-preview:large","max-video-preview":"max-video-preview:-1"},"canonical":"https:\/\/berlin-reklame.de\/es\/shop\/fliesen-mit-eigenem-motiv\/","og_locale":"es_ES","og_type":"article","og_title":"FLIESEN mit Ihrem Motiv","og_description":"Originelles Geschenk - einfach mal andersBesondere Dekoidee und einzigartiges Geschenk f\u00fcr Frauen und M\u00e4nner","og_url":"https:\/\/berlin-reklame.de\/es\/shop\/fliesen-mit-eigenem-motiv\/","og_site_name":"berlin reklame","article_publisher":"https:\/\/www.facebook.com\/berlinreklame\/","article_modified_time":"2024-04-06T07:26:09+00:00","og_image":[{"width":1187,"height":892,"url":"https:\/\/berlin-reklame.de\/wp-content\/uploads\/2020\/11\/Fliesen_bedrucken_1.jpg","type":"image\/jpeg"}],"twitter_card":"summary_large_image","twitter_misc":{"Tiempo de lectura":"1 minuto"},"schema":{"@context":"https:\/\/schema.org","@graph":[{"@type":"WebPage","@id":"https:\/\/berlin-reklame.de\/shop\/fliesen-mit-eigenem-motiv\/","url":"https:\/\/berlin-reklame.de\/shop\/fliesen-mit-eigenem-motiv\/","name":"FLIESEN mit Ihrem Motiv - berlin reklame","isPartOf":{"@id":"https:\/\/berlin-reklame.de\/#website"},"primaryImageOfPage":{"@id":"https:\/\/berlin-reklame.de\/shop\/fliesen-mit-eigenem-motiv\/#primaryimage"},"image":{"@id":"https:\/\/berlin-reklame.de\/shop\/fliesen-mit-eigenem-motiv\/#primaryimage"},"thumbnailUrl":"https:\/\/berlin-reklame.de\/wp-content\/uploads\/2020\/11\/Fliesen_bedrucken_1.jpg","datePublished":"2020-05-14T09:42:37+00:00","dateModified":"2024-04-06T07:26:09+00:00","description":"Originelles Geschenk - einfach mal andersBesondere Dekoidee und einzigartiges Geschenk f\u00fcr Frauen und M\u00e4nner","breadcrumb":{"@id":"https:\/\/berlin-reklame.de\/shop\/fliesen-mit-eigenem-motiv\/#breadcrumb"},"inLanguage":"es","potentialAction":[{"@type":"ReadAction","target":["https:\/\/berlin-reklame.de\/shop\/fliesen-mit-eigenem-motiv\/"]}]},{"@type":"ImageObject","inLanguage":"es","@id":"https:\/\/berlin-reklame.de\/shop\/fliesen-mit-eigenem-motiv\/#primaryimage","url":"https:\/\/berlin-reklame.de\/wp-content\/uploads\/2020\/11\/Fliesen_bedrucken_1.jpg","contentUrl":"https:\/\/berlin-reklame.de\/wp-content\/uploads\/2020\/11\/Fliesen_bedrucken_1.jpg","width":1187,"height":892,"caption":"Fliesen_bedrucken berlin"},{"@type":"BreadcrumbList","@id":"https:\/\/berlin-reklame.de\/shop\/fliesen-mit-eigenem-motiv\/#breadcrumb","itemListElement":[{"@type":"ListItem","position":1,"name":"Home","item":"https:\/\/berlin-reklame.de\/"},{"@type":"ListItem","position":2,"name":"Productos","item":"https:\/\/berlin-reklame.de\/es\/shop\/"},{"@type":"ListItem","position":3,"name":"FLIESEN mit Ihrem Motiv"}]},{"@type":"WebSite","@id":"https:\/\/berlin-reklame.de\/#website","url":"https:\/\/berlin-reklame.de\/","name":"berlin reklame","description":"Rotulaci\u00f3n con creatividad","publisher":{"@id":"https:\/\/berlin-reklame.de\/#organization"},"potentialAction":[{"@type":"SearchAction","target":{"@type":"EntryPoint","urlTemplate":"https:\/\/berlin-reklame.de\/?s={search_term_string}"},"query-input":{"@type":"PropertyValueSpecification","valueRequired":true,"valueName":"search_term_string"}}],"inLanguage":"es"},{"@type":"Organization","@id":"https:\/\/berlin-reklame.de\/#organization","name":"berlin reklame","url":"https:\/\/berlin-reklame.de\/","logo":{"@type":"ImageObject","inLanguage":"es","@id":"https:\/\/berlin-reklame.de\/#\/schema\/logo\/image\/","url":"https:\/\/berlin-reklame.de\/wp-content\/uploads\/2017\/10\/favicon2.png","contentUrl":"https:\/\/berlin-reklame.de\/wp-content\/uploads\/2017\/10\/favicon2.png","width":310,"height":310,"caption":"berlin reklame"},"image":{"@id":"https:\/\/berlin-reklame.de\/#\/schema\/logo\/image\/"},"sameAs":["https:\/\/www.facebook.com\/berlinreklame\/","https:\/\/www.instagram.com\/berlin_reklame\/","https:\/\/www.linkedin.com\/company\/berlin-reklame2018\/","https:\/\/www.youtube.com\/channel\/UCPty5C4toAhaLwAjyw5GTLw"]}]}},"tiered_pricing_type":"fixed","tiered_pricing_fixed_rules":[],"tiered_pricing_product_settings":{"layout":"default","base_unit_name":{"singular":null,"plural":null},"default_variation":null},"tiered_pricing_minimum_quantity":null,"tiered_pricing_roles_data":[],"tiered_pricing_percentage_rules":[],"_links":{"self":[{"href":"https:\/\/berlin-reklame.de\/es\/wp-json\/wp\/v2\/product\/3687","targetHints":{"allow":["GET"]}}],"collection":[{"href":"https:\/\/berlin-reklame.de\/es\/wp-json\/wp\/v2\/product"}],"about":[{"href":"https:\/\/berlin-reklame.de\/es\/wp-json\/wp\/v2\/types\/product"}],"wp:featuredmedia":[{"embeddable":true,"href":"https:\/\/berlin-reklame.de\/es\/wp-json\/wp\/v2\/media\/4545"}],"wp:attachment":[{"href":"https:\/\/berlin-reklame.de\/es\/wp-json\/wp\/v2\/media?parent=3687"}],"wp:term":[{"taxonomy":"product_brand","embeddable":true,"href":"https:\/\/berlin-reklame.de\/es\/wp-json\/wp\/v2\/product_brand?post=3687"},{"taxonomy":"product_cat","embeddable":true,"href":"https:\/\/berlin-reklame.de\/es\/wp-json\/wp\/v2\/product_cat?post=3687"},{"taxonomy":"product_tag","embeddable":true,"href":"https:\/\/berlin-reklame.de\/es\/wp-json\/wp\/v2\/product_tag?post=3687"}],"curies":[{"name":"wp","href":"https:\/\/api.w.org\/{rel}","templated":true}]}}