{"id":5893,"date":"2025-06-20T09:40:39","date_gmt":"2025-06-20T09:40:39","guid":{"rendered":"https:\/\/berlin-reklame.de\/?post_type=product&#038;p=5893"},"modified":"2025-06-26T11:06:39","modified_gmt":"2025-06-26T11:06:39","slug":"lollipop-mdf-outdoor","status":"publish","type":"product","link":"https:\/\/berlin-reklame.de\/es\/shop\/lollipop-mdf-outdoor\/","title":{"rendered":"Lollipop MDF"},"content":{"rendered":"<p style=\"text-align: left;\"><span style=\"color: #808080;\">Nutzen Sie unsere Lollipop-Schilder bei Ihrer Veranstaltung zur Begr\u00fc\u00dfung, als Wegweiser, zur Einteilung von Gruppen u.v.m.<br \/>\n<\/span><span style=\"color: #808080;\">Das Lollipop-MDF eignet sich hervorragend f\u00fcr den Einsatz in geschlossenen R\u00e4umen, aber auch f\u00fcr den kurzfristigen Outdooreinsatz z.B. auf Gehwegen auf der Messe oder Events.<\/span><\/p>\n<p><span style=\"color: #000000;\"><strong>Para descargar<\/strong><\/span><\/p>\n<ul>\n<li><span style=\"color: #000080;\"><strong><a style=\"color: #000080;\" href=\"https:\/\/berlin-reklame.de\/download\/Datenblatt_Lollipop-MDF.pdf\" target=\"_blank\" rel=\"noopener noreferrer\">Datenblatt<\/a><\/strong><\/span><\/li>\n<\/ul>","protected":false},"excerpt":{"rendered":"<p><span style=\"font-size: 14pt; color: #000000;\"><strong>Lollipop-Schild | Hartfaserplatte (HDF) | 5 mm gefr\u00e4st<\/strong><\/span><\/p>\n<p><span style=\"font-size: 1.5rem; color: #808080;\"><strong>Env\u00edo gratis<\/strong><\/span><\/p>\n<ul class=\"a-unordered-list a-vertical a-spacing-mini\" style=\"list-style-type: square;\">\n<li><span class=\"a-list-item\" style=\"color: #808080;\">Schilder f\u00fcr Veranstaltungen und Messen<\/span><\/li>\n<li><span style=\"color: #808080;\">Gr\u00f6\u00dfe: 250 x 400 mm<\/span><\/li>\n<li><span style=\"color: #808080;\">f\u00fcr Innen\/-Au\u00dfenwerbung (<wbr \/>kurzfristig)\u00a0<\/span><\/li>\n<li><span style=\"color: #808080;\">UV-Druck \/ Latex<\/span><\/li>\n<\/ul>\n<p><span style=\"font-size: 10pt; color: #000000;\">Tiempo de entrega: 5-7 d\u00edas<\/span><br \/>\n<span style=\"font-size: 10pt; color: #000000;\"><em>Precio neto m\u00e1s impuestos<\/em><\/span><\/p>\n<p><span style=\"font-size: 10pt; color: #000000;\"><em>\u00a0<\/em><\/span><img decoding=\"async\" class=\"alignnone wp-image-4524\" style=\"color: #000000; font-size: 13.3333px;\" src=\"https:\/\/berlin-reklame.de\/wp-content\/uploads\/2020\/05\/Lieferung_free.png\" alt=\"\" width=\"45\" height=\"45\" srcset=\"https:\/\/berlin-reklame.de\/wp-content\/uploads\/2020\/05\/Lieferung_free.png 225w, https:\/\/berlin-reklame.de\/wp-content\/uploads\/2020\/05\/Lieferung_free-150x150.png 150w, https:\/\/berlin-reklame.de\/wp-content\/uploads\/2020\/05\/Lieferung_free-12x12.png 12w, https:\/\/berlin-reklame.de\/wp-content\/uploads\/2020\/05\/Lieferung_free-100x100.png 100w\" sizes=\"(max-width: 45px) 100vw, 45px\" \/>\u00a0 \u00a0<img decoding=\"async\" class=\"alignnone size-full wp-image-4523\" src=\"https:\/\/berlin-reklame.de\/wp-content\/uploads\/2020\/05\/paypal_M2_Logo_03.jpg\" alt=\"\" width=\"148\" height=\"67\" srcset=\"https:\/\/berlin-reklame.de\/wp-content\/uploads\/2020\/05\/paypal_M2_Logo_03.jpg 148w, https:\/\/berlin-reklame.de\/wp-content\/uploads\/2020\/05\/paypal_M2_Logo_03-16x7.jpg 16w\" sizes=\"(max-width: 148px) 100vw, 148px\" \/> <a class=\"more-link\" href=\"https:\/\/berlin-reklame.de\/es\/shop\/lollipop-mdf-outdoor\/\">Continuar leyendo...<\/a><\/p>","protected":false},"featured_media":5898,"template":"","meta":[],"product_brand":[],"product_cat":[1922,1451,1665],"product_tag":[],"class_list":{"0":"post-5893","1":"product","2":"type-product","3":"status-publish","4":"has-post-thumbnail","6":"product_cat-events","7":"product_cat-lollipop","8":"product_cat-uv-druck","9":"product_shipping_class-gratis-versand","11":"first","12":"instock","13":"taxable","14":"shipping-taxable","15":"purchasable","16":"product-type-variable"},"yoast_head":"<!-- This site is optimized with the Yoast SEO Premium plugin v27.0 (Yoast SEO v27.4) - https:\/\/yoast.com\/product\/yoast-seo-premium-wordpress\/ -->\n<title>Lollipop MDF - berlin reklame<\/title>\n<meta name=\"description\" content=\"Schilder f\u00fcr Veranstaltungen und Messen - Lollipop Sign - Hochverdichtete Faserplatte 5 mm gefr\u00e4st - f\u00fcr Events - Lollipop-Schild\" \/>\n<meta name=\"robots\" content=\"index, follow, max-snippet:-1, max-image-preview:large, max-video-preview:-1\" \/>\n<link rel=\"canonical\" href=\"https:\/\/berlin-reklame.de\/es\/shop\/lollipop-mdf-outdoor\/\" \/>\n<meta property=\"og:locale\" content=\"es_ES\" \/>\n<meta property=\"og:type\" content=\"article\" \/>\n<meta property=\"og:title\" content=\"Lollipop MDF\" \/>\n<meta property=\"og:description\" content=\"Schilder f\u00fcr Veranstaltungen und Messen - Lollipop Sign - Hochverdichtete Faserplatte 5 mm gefr\u00e4st - f\u00fcr Events - Lollipop-Schild\" \/>\n<meta property=\"og:url\" content=\"https:\/\/berlin-reklame.de\/es\/shop\/lollipop-mdf-outdoor\/\" \/>\n<meta property=\"og:site_name\" content=\"berlin reklame\" \/>\n<meta property=\"article:publisher\" content=\"https:\/\/www.facebook.com\/berlinreklame\/\" \/>\n<meta property=\"article:modified_time\" content=\"2025-06-26T11:06:39+00:00\" \/>\n<meta property=\"og:image\" content=\"https:\/\/berlin-reklame.de\/wp-content\/uploads\/2025\/06\/Lollipop_MDF_Picto.jpg\" \/>\n\t<meta property=\"og:image:width\" content=\"1185\" \/>\n\t<meta property=\"og:image:height\" content=\"892\" \/>\n\t<meta property=\"og:image:type\" content=\"image\/jpeg\" \/>\n<meta name=\"twitter:card\" content=\"summary_large_image\" \/>\n<meta name=\"twitter:label1\" content=\"Tiempo de lectura\" \/>\n\t<meta name=\"twitter:data1\" content=\"1 minuto\" \/>\n<script type=\"application\/ld+json\" class=\"yoast-schema-graph\">{\"@context\":\"https:\\\/\\\/schema.org\",\"@graph\":[{\"@type\":\"WebPage\",\"@id\":\"https:\\\/\\\/berlin-reklame.de\\\/shop\\\/lollipop-mdf-outdoor\\\/\",\"url\":\"https:\\\/\\\/berlin-reklame.de\\\/shop\\\/lollipop-mdf-outdoor\\\/\",\"name\":\"Lollipop MDF - berlin reklame\",\"isPartOf\":{\"@id\":\"https:\\\/\\\/berlin-reklame.de\\\/#website\"},\"primaryImageOfPage\":{\"@id\":\"https:\\\/\\\/berlin-reklame.de\\\/shop\\\/lollipop-mdf-outdoor\\\/#primaryimage\"},\"image\":{\"@id\":\"https:\\\/\\\/berlin-reklame.de\\\/shop\\\/lollipop-mdf-outdoor\\\/#primaryimage\"},\"thumbnailUrl\":\"https:\\\/\\\/berlin-reklame.de\\\/wp-content\\\/uploads\\\/2025\\\/06\\\/Lollipop_MDF_Picto.jpg\",\"datePublished\":\"2025-06-20T09:40:39+00:00\",\"dateModified\":\"2025-06-26T11:06:39+00:00\",\"description\":\"Schilder f\u00fcr Veranstaltungen und Messen - Lollipop Sign - Hochverdichtete Faserplatte 5 mm gefr\u00e4st - f\u00fcr Events - Lollipop-Schild\",\"breadcrumb\":{\"@id\":\"https:\\\/\\\/berlin-reklame.de\\\/shop\\\/lollipop-mdf-outdoor\\\/#breadcrumb\"},\"inLanguage\":\"es\",\"potentialAction\":[{\"@type\":\"ReadAction\",\"target\":[\"https:\\\/\\\/berlin-reklame.de\\\/shop\\\/lollipop-mdf-outdoor\\\/\"]}]},{\"@type\":\"ImageObject\",\"inLanguage\":\"es\",\"@id\":\"https:\\\/\\\/berlin-reklame.de\\\/shop\\\/lollipop-mdf-outdoor\\\/#primaryimage\",\"url\":\"https:\\\/\\\/berlin-reklame.de\\\/wp-content\\\/uploads\\\/2025\\\/06\\\/Lollipop_MDF_Picto.jpg\",\"contentUrl\":\"https:\\\/\\\/berlin-reklame.de\\\/wp-content\\\/uploads\\\/2025\\\/06\\\/Lollipop_MDF_Picto.jpg\",\"width\":1185,\"height\":892,\"caption\":\"Lollipop Holz\"},{\"@type\":\"BreadcrumbList\",\"@id\":\"https:\\\/\\\/berlin-reklame.de\\\/shop\\\/lollipop-mdf-outdoor\\\/#breadcrumb\",\"itemListElement\":[{\"@type\":\"ListItem\",\"position\":1,\"name\":\"Home\",\"item\":\"https:\\\/\\\/berlin-reklame.de\\\/\"},{\"@type\":\"ListItem\",\"position\":2,\"name\":\"Productos\",\"item\":\"https:\\\/\\\/berlin-reklame.de\\\/es\\\/shop\\\/\"},{\"@type\":\"ListItem\",\"position\":3,\"name\":\"Lollipop MDF\"}]},{\"@type\":\"WebSite\",\"@id\":\"https:\\\/\\\/berlin-reklame.de\\\/#website\",\"url\":\"https:\\\/\\\/berlin-reklame.de\\\/\",\"name\":\"berlin reklame\",\"description\":\"Kreative Werbetechnik\",\"publisher\":{\"@id\":\"https:\\\/\\\/berlin-reklame.de\\\/#organization\"},\"potentialAction\":[{\"@type\":\"SearchAction\",\"target\":{\"@type\":\"EntryPoint\",\"urlTemplate\":\"https:\\\/\\\/berlin-reklame.de\\\/?s={search_term_string}\"},\"query-input\":{\"@type\":\"PropertyValueSpecification\",\"valueRequired\":true,\"valueName\":\"search_term_string\"}}],\"inLanguage\":\"es\"},{\"@type\":\"Organization\",\"@id\":\"https:\\\/\\\/berlin-reklame.de\\\/#organization\",\"name\":\"berlin reklame\",\"url\":\"https:\\\/\\\/berlin-reklame.de\\\/\",\"logo\":{\"@type\":\"ImageObject\",\"inLanguage\":\"es\",\"@id\":\"https:\\\/\\\/berlin-reklame.de\\\/#\\\/schema\\\/logo\\\/image\\\/\",\"url\":\"https:\\\/\\\/berlin-reklame.de\\\/wp-content\\\/uploads\\\/2017\\\/10\\\/favicon2.png\",\"contentUrl\":\"https:\\\/\\\/berlin-reklame.de\\\/wp-content\\\/uploads\\\/2017\\\/10\\\/favicon2.png\",\"width\":310,\"height\":310,\"caption\":\"berlin reklame\"},\"image\":{\"@id\":\"https:\\\/\\\/berlin-reklame.de\\\/#\\\/schema\\\/logo\\\/image\\\/\"},\"sameAs\":[\"https:\\\/\\\/www.facebook.com\\\/berlinreklame\\\/\",\"https:\\\/\\\/www.instagram.com\\\/berlin_reklame\\\/\",\"https:\\\/\\\/www.linkedin.com\\\/company\\\/berlin-reklame2018\\\/\",\"https:\\\/\\\/www.youtube.com\\\/channel\\\/UCPty5C4toAhaLwAjyw5GTLw\"]}]}<\/script>\n<!-- \/ Yoast SEO Premium plugin. -->","yoast_head_json":{"title":"Lollipop MDF - berlin reklame","description":"Schilder f\u00fcr Veranstaltungen und Messen - Lollipop Sign - Hochverdichtete Faserplatte 5 mm gefr\u00e4st - f\u00fcr Events - Lollipop-Schild","robots":{"index":"index","follow":"follow","max-snippet":"max-snippet:-1","max-image-preview":"max-image-preview:large","max-video-preview":"max-video-preview:-1"},"canonical":"https:\/\/berlin-reklame.de\/es\/shop\/lollipop-mdf-outdoor\/","og_locale":"es_ES","og_type":"article","og_title":"Lollipop MDF","og_description":"Schilder f\u00fcr Veranstaltungen und Messen - Lollipop Sign - Hochverdichtete Faserplatte 5 mm gefr\u00e4st - f\u00fcr Events - Lollipop-Schild","og_url":"https:\/\/berlin-reklame.de\/es\/shop\/lollipop-mdf-outdoor\/","og_site_name":"berlin reklame","article_publisher":"https:\/\/www.facebook.com\/berlinreklame\/","article_modified_time":"2025-06-26T11:06:39+00:00","og_image":[{"width":1185,"height":892,"url":"https:\/\/berlin-reklame.de\/wp-content\/uploads\/2025\/06\/Lollipop_MDF_Picto.jpg","type":"image\/jpeg"}],"twitter_card":"summary_large_image","twitter_misc":{"Tiempo de lectura":"1 minuto"},"schema":{"@context":"https:\/\/schema.org","@graph":[{"@type":"WebPage","@id":"https:\/\/berlin-reklame.de\/shop\/lollipop-mdf-outdoor\/","url":"https:\/\/berlin-reklame.de\/shop\/lollipop-mdf-outdoor\/","name":"Lollipop MDF - berlin reklame","isPartOf":{"@id":"https:\/\/berlin-reklame.de\/#website"},"primaryImageOfPage":{"@id":"https:\/\/berlin-reklame.de\/shop\/lollipop-mdf-outdoor\/#primaryimage"},"image":{"@id":"https:\/\/berlin-reklame.de\/shop\/lollipop-mdf-outdoor\/#primaryimage"},"thumbnailUrl":"https:\/\/berlin-reklame.de\/wp-content\/uploads\/2025\/06\/Lollipop_MDF_Picto.jpg","datePublished":"2025-06-20T09:40:39+00:00","dateModified":"2025-06-26T11:06:39+00:00","description":"Schilder f\u00fcr Veranstaltungen und Messen - Lollipop Sign - Hochverdichtete Faserplatte 5 mm gefr\u00e4st - f\u00fcr Events - Lollipop-Schild","breadcrumb":{"@id":"https:\/\/berlin-reklame.de\/shop\/lollipop-mdf-outdoor\/#breadcrumb"},"inLanguage":"es","potentialAction":[{"@type":"ReadAction","target":["https:\/\/berlin-reklame.de\/shop\/lollipop-mdf-outdoor\/"]}]},{"@type":"ImageObject","inLanguage":"es","@id":"https:\/\/berlin-reklame.de\/shop\/lollipop-mdf-outdoor\/#primaryimage","url":"https:\/\/berlin-reklame.de\/wp-content\/uploads\/2025\/06\/Lollipop_MDF_Picto.jpg","contentUrl":"https:\/\/berlin-reklame.de\/wp-content\/uploads\/2025\/06\/Lollipop_MDF_Picto.jpg","width":1185,"height":892,"caption":"Lollipop Holz"},{"@type":"BreadcrumbList","@id":"https:\/\/berlin-reklame.de\/shop\/lollipop-mdf-outdoor\/#breadcrumb","itemListElement":[{"@type":"ListItem","position":1,"name":"Home","item":"https:\/\/berlin-reklame.de\/"},{"@type":"ListItem","position":2,"name":"Productos","item":"https:\/\/berlin-reklame.de\/es\/shop\/"},{"@type":"ListItem","position":3,"name":"Lollipop MDF"}]},{"@type":"WebSite","@id":"https:\/\/berlin-reklame.de\/#website","url":"https:\/\/berlin-reklame.de\/","name":"berlin reklame","description":"Rotulaci\u00f3n con creatividad","publisher":{"@id":"https:\/\/berlin-reklame.de\/#organization"},"potentialAction":[{"@type":"SearchAction","target":{"@type":"EntryPoint","urlTemplate":"https:\/\/berlin-reklame.de\/?s={search_term_string}"},"query-input":{"@type":"PropertyValueSpecification","valueRequired":true,"valueName":"search_term_string"}}],"inLanguage":"es"},{"@type":"Organization","@id":"https:\/\/berlin-reklame.de\/#organization","name":"berlin reklame","url":"https:\/\/berlin-reklame.de\/","logo":{"@type":"ImageObject","inLanguage":"es","@id":"https:\/\/berlin-reklame.de\/#\/schema\/logo\/image\/","url":"https:\/\/berlin-reklame.de\/wp-content\/uploads\/2017\/10\/favicon2.png","contentUrl":"https:\/\/berlin-reklame.de\/wp-content\/uploads\/2017\/10\/favicon2.png","width":310,"height":310,"caption":"berlin reklame"},"image":{"@id":"https:\/\/berlin-reklame.de\/#\/schema\/logo\/image\/"},"sameAs":["https:\/\/www.facebook.com\/berlinreklame\/","https:\/\/www.instagram.com\/berlin_reklame\/","https:\/\/www.linkedin.com\/company\/berlin-reklame2018\/","https:\/\/www.youtube.com\/channel\/UCPty5C4toAhaLwAjyw5GTLw"]}]}},"tiered_pricing_type":"fixed","tiered_pricing_fixed_rules":[],"tiered_pricing_product_settings":{"layout":"default","base_unit_name":{"singular":null,"plural":null},"default_variation":null},"tiered_pricing_minimum_quantity":null,"tiered_pricing_roles_data":[],"tiered_pricing_percentage_rules":[],"_links":{"self":[{"href":"https:\/\/berlin-reklame.de\/es\/wp-json\/wp\/v2\/product\/5893","targetHints":{"allow":["GET"]}}],"collection":[{"href":"https:\/\/berlin-reklame.de\/es\/wp-json\/wp\/v2\/product"}],"about":[{"href":"https:\/\/berlin-reklame.de\/es\/wp-json\/wp\/v2\/types\/product"}],"wp:featuredmedia":[{"embeddable":true,"href":"https:\/\/berlin-reklame.de\/es\/wp-json\/wp\/v2\/media\/5898"}],"wp:attachment":[{"href":"https:\/\/berlin-reklame.de\/es\/wp-json\/wp\/v2\/media?parent=5893"}],"wp:term":[{"taxonomy":"product_brand","embeddable":true,"href":"https:\/\/berlin-reklame.de\/es\/wp-json\/wp\/v2\/product_brand?post=5893"},{"taxonomy":"product_cat","embeddable":true,"href":"https:\/\/berlin-reklame.de\/es\/wp-json\/wp\/v2\/product_cat?post=5893"},{"taxonomy":"product_tag","embeddable":true,"href":"https:\/\/berlin-reklame.de\/es\/wp-json\/wp\/v2\/product_tag?post=5893"}],"curies":[{"name":"wp","href":"https:\/\/api.w.org\/{rel}","templated":true}]}}